{"id":910,"date":"2020-02-04T11:53:46","date_gmt":"2020-02-04T11:53:46","guid":{"rendered":"https:\/\/grandvriocitydanang.com\/?page_id=910"},"modified":"2024-03-19T17:05:13","modified_gmt":"2024-03-19T17:05:13","slug":"trang-chu","status":"publish","type":"page","link":"https:\/\/www.grandvriocitydanang.com\/","title":{"rendered":"Trang ch\u1ee7"},"content":{"rendered":"<div id=\"index\">\r\n  <section class=\"mainimg\">\r\n    <img decoding=\"async\" src=\"..\/wp-content\/themes\/official\/common\/image\/index\/mainimg.jpg\">\r\n    <iframe src=\"..\/wp-content\/themes\/official\/booking_vi.html\"><\/iframe>\r\n    <a target=\"_blank\" href=\"https:\/\/grandvriocitydanang.com\/vi\/reservation\/\">\r\n      <div id=\"TA_cdsratingsonlynarrow147\" class=\"TA_cdsratingsonlynarrow\">\r\n        <ul id=\"JiuhlM78oPW\" class=\"TA_links HMrib1m\">\r\n          <li id=\"DF1c1cKj\" class=\"GBXMeDg\">\r\n            <img decoding=\"async\" src=\"https:\/\/www.tripadvisor.com.vn\/img\/cdsi\/img2\/branding\/tripadvisor_logo_transp_340x80-18034-2.png\" alt=\"TripAdvisor\"\/>\r\n          <\/li>\r\n        <\/ul>\r\n      <\/div>\r\n    <\/a>\r\n    <script async src=\"https:\/\/www.jscache.com\/wejs?wtype=cdsratingsonlynarrow&amp;uniq=147&amp;locationId=12268599&amp;lang=vi&amp;border=true&amp;display_version=2\" data-loadtrk onload=\"this.loadtrk=true\"><\/script>\r\n  <\/section>\r\n  <section class=\"aboutus\">\r\n    <div class=\"content\">\r\n      <h2>Gi\u1edbi thi\u1ec7u<\/h2>\r\n            <p>N\u1eb1m \u1edf m\u1ed9t trong nh\u1eefng con \u0111\u01b0\u1eddng nh\u1ed9n nh\u1ecbp nh\u1ea5t th\u00e0nh ph\u1ed1 \u0110\u00e0 N\u1eb5ng,<br>kh\u00e1ch s\u1ea1n Grandvrio City \u0110\u00e0 N\u1eb5ng \u0111ang nh\u1eafm t\u1edbi v\u1ecb tr\u00ed m\u1ed9t trong nh\u1eefng kh\u00e1ch s\u1ea1n \u0111i \u0111\u1ea7u trong vi\u1ec7c cung c\u1ea5p d\u1ecbch v\u1ee5 \u0103n \u1edf v\u00e0 ngh\u1ec9 d\u01b0\u1ee1ng \u1edf th\u00e0nh ph\u1ed1 \u0110\u00e0 N\u1eb5ng.<br>V\u1edbi v\u1ecb tr\u00ed \u00f4n h\u00f2a \u0111\u1ecba l\u1ee3i, k\u1ebft h\u1ee3p v\u1edbi nhi\u1ec1u lo\u1ea1i h\u00ecnh d\u1ecbch v\u1ee5 gi\u1ea3i tr\u00ed ngh\u1ec9 gi\u01b0\u1ee1ng,<br>kh\u00e1ch s\u1ea1n Grandvrio City \u0110\u00e0 N\u1eb5ng l\u00e0 chi\u1ebfc v\u00e9 c\u1ee7a b\u1ea1n \u0111\u1ebfn m\u1ed9t tr\u1ea3i nghi\u1ec7m th\u00fa v\u1ecb v\u00e0 m\u1edbi l\u1ea1.<br>T\u1ea5t c\u1ea3 m\u1ecdi th\u1ee9 b\u1ea1n c\u1ea7n \u0111\u1ec1u n\u1eb1m \u1edf trong t\u1ea7m tay C\u1ea3m \u01a1n b\u1ea1n<\/p>\r\n    <\/div>\r\n  <\/section>\r\n  <!-- [myphp file='topics'] -->\r\n  <section class=\"menu\">\r\n    <div class=\"menu-content\">\r\n\t    <img decoding=\"async\" src=\"..\/wp-content\/themes\/official\/common\/image\/index\/menu1.jpg\"><span class=\"bg\"><\/span>\r\n      <div>\r\n        <h2>Th\u00f4ng tin l\u01b0u tr\u00fa<\/h2>\r\n        <p>V\u1edbi thi\u1ebft k\u1ebf tinh t\u1ebf, c\u01a1 s\u1edf v\u1eadt ch\u1ea5t hi\u1ec7n \u0111\u1ea1i v\u00e0 ti\u1ec7n nghi, kh\u00f4ng gian r\u1ed9ng r\u00e3i, l\u00e0 nh\u1eefng \u0111i\u1ec1u m\u00e0 ch\u00fang t\u00f4i \u0111\u1ea3m b\u1ea3o s\u1ebd mang l\u1ea1i cho kh\u00e1ch h\u00e0ng c\u1ee7a ch\u00fang t\u00f4i. K\u1ebft h\u1ee3p v\u1edbi 162 ph\u00f2ng, \u0111\u01b0\u1ee3c chia ra th\u00e0nh 4 ki\u1ec3u ph\u00f2ng kh\u00e1c nhau, mong mu\u1ed1n c\u1ee7a kh\u00e1ch s\u1ea1n ch\u00fang t\u00f4i l\u00e0 bi\u1ebfn th\u1eddi gian b\u1ea1n \u1edf v\u1edbi ch\u00fang t\u00f4i tr\u1edf th\u00e0nh m\u1ed9t tr\u1ea3i nghi\u1ec7p \u0111\u1ed9c nh\u1ea5t v\u00f4 nh\u1ecb v\u00e0 kh\u00f3 qu\u00ean.<\/p>\r\n        <a href=\"room\" class=\"detail\">Xem chi ti\u1ebft<\/a>\r\n        <ul>\r\n          <li><a href=\"room\/detail1\">Junior Studio<\/a><\/li>\r\n          <li><a href=\"room\/detail3\">Superior<\/a><\/li>\r\n          <li><a href=\"room\/detail7\">Superior with bathtub<\/a><\/li>\r\n          <li><a href=\"room\/detail6\">Premier Deluxe<\/a><\/li>\r\n        <\/ul>\r\n      <\/div>\r\n    <\/div>\r\n    <div class=\"menu-content\">\r\n\t    <img decoding=\"async\" src=\"..\/wp-content\/themes\/official\/common\/image\/index\/menu2.jpg\"><span class=\"bg\"><\/span>\r\n      <div>\r\n        <h2>Nh\u00e0 h\u00e0ng&amp;bar<\/h2>\r\n        <p>Nh\u00e0 h\u00e0ng th\u1ecbt n\u01b0\u1edbng BBQ \u201cHanatei\u201d v\u1edbi n\u1ed9i th\u1ea5t mang \u0111\u1eadm n\u00e9t nh\u1eb9 nh\u00e0ng c\u1ee7a v\u0103n h\u00f3a Nh\u1eadt B\u1ea3n, ph\u1ee5c v\u1ee5 buffet th\u1ecbt n\u01b0\u1edbng v\u00e0 c\u1ea3 menu alacarte c\u00f3 th\u1ec3 \u0111\u00e1p \u1ee9ng nhu c\u1ea7u \u0111a d\u1ea1ng c\u1ee7a th\u1ef1c kh\u00e1ch. Ngo\u00e0i ra, Grand caf\u00e9 ph\u1ee5c v\u1ee5 nhi\u1ec1u lo\u1ea1i \u0111\u1ed3 u\u1ed1ng t\u1eeb caf\u00e9 truy\u1ec1n th\u1ed1ng cho \u0111\u1ebfn caf\u00e9 d\u1eeba \u0111ang \u0111\u01b0\u1ee3c y\u00eau th\u00edch c\u0169ng nh\u01b0 c\u00e1c combo \u0103n s\u00e1ng h\u1ea5p d\u1eabn.<\/p>\r\n        <a href=\"restaurant\" class=\"detail\">Xem chi ti\u1ebft<\/a>\r\n        <ul>\r\n          <li><a href=\"restaurant\/detail1\">Hanatei<\/a><\/li>\r\n          <li><a href=\"restaurant\/detail2\">Grand caf\u00e9<\/a><\/li>\r\n        <li><a href=\"restaurant\/detail3\">Hotpot Restaurant<\/a><\/li>\r\n        <\/ul>\r\n      <\/div>\r\n    <\/div>\r\n    <div class=\"menu-content\">\r\n\t    <img decoding=\"async\" src=\"..\/wp-content\/themes\/official\/common\/image\/index\/menu3.jpg\"><span class=\"bg\"><\/span>\r\n      <div>\r\n        <h2>Ph\u00f2ng ti\u1ec7c<\/h2>\r\n        <p>V\u1edbi nh\u1eefng ph\u00f2ng ti\u1ec7c c\u00f3 k\u00edch th\u01b0\u1edbc l\u1edbn nh\u1ecf kh\u00e1c nhau s\u1ebd mang \u0111\u1ebfn cho qu\u00fd kh\u00e1ch nh\u1eefng d\u1ecbch v\u1ee5 chuy\u00ean nghi\u1ec7p t\u1eeb c\u00e1c s\u1ef1 ki\u1ec7n nh\u01b0 party \u00edt ng\u01b0\u1eddi cho \u0111\u1ebfn h\u1ed9i ngh\u1ecb hay ti\u1ec7c c\u01b0\u1edbi.<\/p>\r\n        <a href=\"event\" class=\"detail\">Xem chi ti\u1ebft<\/a>\r\n        <ul>\r\n          <li><a href=\"event\/detail1\">H\u1ed9i th\u1ea3o<\/a><\/li>\r\n          <li><a href=\"event\/detail2\">Ti\u1ec7c c\u01b0\u1edbi<\/a><\/li>\r\n          <li><a href=\"event\/detail3\">S\u1ef1 ki\u1ec7n<\/a><\/li>\r\n        <\/ul>\r\n      <\/div>\r\n    <\/div>\r\n    <div class=\"menu-content\">\r\n\t    <img decoding=\"async\" src=\"..\/wp-content\/themes\/official\/common\/image\/index\/menu4.jpg\"><span class=\"bg\"><\/span>\r\n      <div>\r\n        <h2>c\u01a1 s\u1edf gi\u1ea3i tr\u00ed<\/h2>\r\n        <p>Qu\u00fd kh\u00e1ch s\u1ebd \u0111\u01b0\u1ee3c ph\u1ee5c v\u1ee5 nhi\u1ec1u d\u1ecbch v\u1ee5 \u0111a d\u1ea1ng t\u1eeb tr\u1ecb li\u1ec7u Vi\u1ec7t Nam r\u1ea5t \u0111\u01b0\u1ee3c y\u00eau th\u00edch cho \u0111\u1ebfn tr\u1ecb li\u1ec7u ki\u1ec3u Nh\u1eadt v\u00e0 Th\u00e1i \u2026 v\u00e0 c\u00f3 c\u1ea3 tr\u1ecb li\u1ec7u Slimming m\u1edbi \u0111\u01b0\u1ee3c b\u1ed5 sung v\u00e0o menu.<\/p>\r\n        <a href=\"wellness\" class=\"detail\">Xem chi ti\u1ebft<\/a>\r\n      <\/div>\r\n    <\/div>\r\n  <\/section>\r\n<\/div>\r\n","protected":false},"excerpt":{"rendered":"<p>Gi\u1edbi thi\u1ec7u N\u1eb1m \u1edf m\u1ed9t trong nh\u1eefng con \u0111\u01b0\u1eddng nh\u1ed9n nh\u1ecbp nh\u1ea5t th\u00e0nh ph\u1ed1 \u0110\u00e0 N\u1eb5ng,kh\u00e1ch s\u1ea1n Grandvrio City \u0110\u00e0 N\u1eb5ng \u0111 [&hellip;]<\/p>\n","protected":false},"author":1,"featured_media":0,"parent":0,"menu_order":0,"comment_status":"closed","ping_status":"closed","template":"","meta":{"_locale":"vi","_original_post":"906","footnotes":""},"class_list":["post-910","page","type-page","status-publish","hentry","vi"],"_links":{"self":[{"href":"https:\/\/www.grandvriocitydanang.com\/wp-json\/wp\/v2\/pages\/910","targetHints":{"allow":["GET"]}}],"collection":[{"href":"https:\/\/www.grandvriocitydanang.com\/wp-json\/wp\/v2\/pages"}],"about":[{"href":"https:\/\/www.grandvriocitydanang.com\/wp-json\/wp\/v2\/types\/page"}],"author":[{"embeddable":true,"href":"https:\/\/www.grandvriocitydanang.com\/wp-json\/wp\/v2\/users\/1"}],"replies":[{"embeddable":true,"href":"https:\/\/www.grandvriocitydanang.com\/wp-json\/wp\/v2\/comments?post=910"}],"version-history":[{"count":12,"href":"https:\/\/www.grandvriocitydanang.com\/wp-json\/wp\/v2\/pages\/910\/revisions"}],"predecessor-version":[{"id":1126,"href":"https:\/\/www.grandvriocitydanang.com\/wp-json\/wp\/v2\/pages\/910\/revisions\/1126"}],"wp:attachment":[{"href":"https:\/\/www.grandvriocitydanang.com\/wp-json\/wp\/v2\/media?parent=910"}],"curies":[{"name":"wp","href":"https:\/\/api.w.org\/{rel}","templated":true}]}}