{"id":304,"date":"2019-02-04T15:30:08","date_gmt":"2019-02-04T15:30:08","guid":{"rendered":"https:\/\/grandvriocitydanang.com\/?page_id=304"},"modified":"2019-03-19T11:21:28","modified_gmt":"2019-03-19T02:21:28","slug":"contact","status":"publish","type":"page","link":"https:\/\/www.grandvriocitydanang.com\/vi\/contact\/","title":{"rendered":"Li\u00ean h\u1ec7"},"content":{"rendered":"<div id=\"contact\">\r\n  <section class=\"mainimg\">\r\n    <img decoding=\"async\" src=\"https:\/\/grandvriocitydanang.com\/wp-content\/themes\/official\/common\/image\/contact\/mainimg.jpg\">\r\n    <h1><span class=\"content\">Li\u00ean h\u1ec7<\/span><\/h1>\r\n    <div class=\"descrip\">\r\n    <\/div>\r\n  <\/section>\r\n  <section class=\"content\">\r\n    \n<div class=\"wpcf7 no-js\" id=\"wpcf7-f306-o1\" lang=\"ja\" dir=\"ltr\" data-wpcf7-id=\"306\">\n<div class=\"screen-reader-response\"><p role=\"status\" aria-live=\"polite\" aria-atomic=\"true\"><\/p> <ul><\/ul><\/div>\n<form action=\"\/vi\/wp-json\/wp\/v2\/pages\/304#wpcf7-f306-o1\" method=\"post\" class=\"wpcf7-form init\" aria-label=\"\u30b3\u30f3\u30bf\u30af\u30c8\u30d5\u30a9\u30fc\u30e0\" novalidate=\"novalidate\" data-status=\"init\">\n<fieldset class=\"hidden-fields-container\"><input type=\"hidden\" name=\"_wpcf7\" value=\"306\" \/><input type=\"hidden\" name=\"_wpcf7_version\" value=\"6.1.5\" \/><input type=\"hidden\" name=\"_wpcf7_locale\" value=\"ja\" \/><input type=\"hidden\" name=\"_wpcf7_unit_tag\" value=\"wpcf7-f306-o1\" \/><input type=\"hidden\" name=\"_wpcf7_container_post\" value=\"0\" \/><input type=\"hidden\" name=\"_wpcf7_posted_data_hash\" value=\"\" \/><input type=\"hidden\" name=\"_wpcf7_recaptcha_response\" value=\"\" \/>\n<\/fieldset>\n<p class=\"wpcf7c-elm-step1\">Vui l\u00f2ng nh\u1eadp n\u1ed9i dung sau v\u00e0 nh\u1ea5n n\u00fat \"x\u00e1c nh\u1eadn\"\n<\/p>\n<p class=\"wpcf7c-elm-step2\">Sau khi x\u00e1c nh\u1eadn n\u1ed9i dung b\u00ean d\u01b0\u1edbi, n\u1ebfu kh\u00f4ng c\u00f3 g\u00ec sai x\u00f3t vui l\u00f2ng nh\u1ea5n n\u00fat \"g\u1eedi\"\n<\/p>\n<p class=\"wpcf7c-elm-step3\">N\u1ed9i dung b\u00ean d\u01b0\u1edbi \u0111\u00e3 \u0111\u01b0\u1ee3c g\u1eedi.\n<\/p>\n<h3>H\u1ecd v\u00e0 t\u00ean\n<\/h3>\n<p><span class=\"wpcf7-form-control-wrap\" data-name=\"your-name\"><input size=\"40\" maxlength=\"400\" class=\"wpcf7-form-control wpcf7-text wpcf7-validates-as-required\" aria-required=\"true\" aria-invalid=\"false\" value=\"\" type=\"text\" name=\"your-name\" \/><\/span>\n<\/p>\n<h3>Mail\n<\/h3>\n<p><span class=\"wpcf7-form-control-wrap\" data-name=\"your-email\"><input size=\"40\" maxlength=\"400\" class=\"wpcf7-form-control wpcf7-email wpcf7-validates-as-required wpcf7-text wpcf7-validates-as-email\" aria-required=\"true\" aria-invalid=\"false\" value=\"\" type=\"email\" name=\"your-email\" \/><\/span>\n<\/p>\n<h3>S\u1ed1 \u0111i\u1ec7n tho\u1ea1i\n<\/h3>\n<p><span class=\"wpcf7-form-control-wrap\" data-name=\"your-tel\"><input size=\"40\" maxlength=\"400\" class=\"wpcf7-form-control wpcf7-tel wpcf7-validates-as-required wpcf7-text wpcf7-validates-as-tel\" aria-required=\"true\" aria-invalid=\"false\" value=\"\" type=\"tel\" name=\"your-tel\" \/><\/span>\n<\/p>\n<h3>Ng\u00f4n Ng\u1eef\n<\/h3>\n<p><span class=\"wpcf7-form-control-wrap\" data-name=\"lang\"><span class=\"wpcf7-form-control wpcf7-radio\"><span class=\"wpcf7-list-item first\"><label><input type=\"radio\" name=\"lang\" value=\"Ti\u1ebfng Vi\u1ec7t\" checked=\"checked\" \/><span class=\"wpcf7-list-item-label\">Ti\u1ebfng Vi\u1ec7t<\/span><\/label><\/span><span class=\"wpcf7-list-item\"><label><input type=\"radio\" name=\"lang\" value=\"\u65e5\u672c\u8a9e\" \/><span class=\"wpcf7-list-item-label\">\u65e5\u672c\u8a9e<\/span><\/label><\/span><span class=\"wpcf7-list-item\"><label><input type=\"radio\" name=\"lang\" value=\"English\" \/><span class=\"wpcf7-list-item-label\">English<\/span><\/label><\/span><span class=\"wpcf7-list-item\"><label><input type=\"radio\" name=\"lang\" value=\"\u4e2d\u6587\" \/><span class=\"wpcf7-list-item-label\">\u4e2d\u6587<\/span><\/label><\/span><span class=\"wpcf7-list-item last\"><label><input type=\"radio\" name=\"lang\" value=\"\ud55c\uad6d\uc5b4\" \/><span class=\"wpcf7-list-item-label\">\ud55c\uad6d\uc5b4<\/span><\/label><\/span><\/span><\/span>\n<\/p>\n<h3>N\u1ed9i dung c\u1ea7n gi\u1ea3i \u0111\u00e1p\n<\/h3>\n<p><span class=\"wpcf7-form-control-wrap\" data-name=\"your-message\"><textarea cols=\"40\" rows=\"10\" maxlength=\"2000\" class=\"wpcf7-form-control wpcf7-textarea wpcf7-validates-as-required\" aria-required=\"true\" aria-invalid=\"false\" name=\"your-message\"><\/textarea><\/span>\n<\/p>\n<div class=\"button\">\n\t<p><input class=\"wpcf7-form-control wpcf7-confirm wpcf7c-elm-step1 wpcf7c-btn-confirm wpcf7c-force-hide\" type=\"submit\" value=\"X\u00e1c nh\u1eadn\" \/><input class=\"wpcf7-form-control wpcf7-back wpcf7c-elm-step2 wpcf7c-btn-back wpcf7c-force-hide\" type=\"button\" value=\"Ch\u1ec9nh s\u1eeda\" \/><input class=\"wpcf7-form-control wpcf7-submit has-spinner\" type=\"submit\" value=\"G\u1eedi\" \/>\n\t<\/p>\n<\/div>\n<div class=\"wpcf7c-elm-step3\">\n\t<h3 align=\"center\" style=\"display:block;\">C\u1ea3m \u01a1n b\u1ea1n \u0111\u00e3 li\u00ean h\u1ec7 ch\u00fang t\u00f4i.\n\t<\/h3>\n\t<p style=\"display:block;\">Xin vui l\u00f2ng \u0111\u1ee3i gi\u1ea3i \u0111\u00e1p (ch\u1eadm nh\u1ea5t l\u00e0 2 \u0111\u1ebfn 3 ng\u00e0y)\n\t<\/p>\n<\/div><div class=\"wpcf7-response-output\" aria-hidden=\"true\"><\/div>\n<\/form>\n<\/div>\n\r\n  <\/section>\r\n<\/div>","protected":false},"excerpt":{"rendered":"<p>Li\u00ean h\u1ec7<\/p>\n","protected":false},"author":1,"featured_media":0,"parent":0,"menu_order":0,"comment_status":"closed","ping_status":"closed","template":"","meta":{"_locale":"vi","_original_post":"76","footnotes":""},"class_list":["post-304","page","type-page","status-publish","hentry","vi"],"_links":{"self":[{"href":"https:\/\/www.grandvriocitydanang.com\/wp-json\/wp\/v2\/pages\/304","targetHints":{"allow":["GET"]}}],"collection":[{"href":"https:\/\/www.grandvriocitydanang.com\/wp-json\/wp\/v2\/pages"}],"about":[{"href":"https:\/\/www.grandvriocitydanang.com\/wp-json\/wp\/v2\/types\/page"}],"author":[{"embeddable":true,"href":"https:\/\/www.grandvriocitydanang.com\/wp-json\/wp\/v2\/users\/1"}],"replies":[{"embeddable":true,"href":"https:\/\/www.grandvriocitydanang.com\/wp-json\/wp\/v2\/comments?post=304"}],"version-history":[{"count":2,"href":"https:\/\/www.grandvriocitydanang.com\/wp-json\/wp\/v2\/pages\/304\/revisions"}],"predecessor-version":[{"id":307,"href":"https:\/\/www.grandvriocitydanang.com\/wp-json\/wp\/v2\/pages\/304\/revisions\/307"}],"wp:attachment":[{"href":"https:\/\/www.grandvriocitydanang.com\/wp-json\/wp\/v2\/media?parent=304"}],"curies":[{"name":"wp","href":"https:\/\/api.w.org\/{rel}","templated":true}]}}