{"id":302,"date":"2019-02-04T15:27:45","date_gmt":"2019-02-04T15:27:45","guid":{"rendered":"https:\/\/grandvriocitydanang.com\/?page_id=302"},"modified":"2020-01-03T08:15:56","modified_gmt":"2020-01-02T23:15:56","slug":"access","status":"publish","type":"page","link":"https:\/\/www.grandvriocitydanang.com\/vi\/access\/","title":{"rendered":"V\u1ecb tr\u00ed"},"content":{"rendered":"<div id=\"access\">\r\n  <section class=\"mainimg\">\r\n    <img decoding=\"async\" src=\"https:\/\/grandvriocitydanang.com\/wp-content\/themes\/official\/common\/image\/access\/mainimg.jpg\">\r\n    <h1><span class=\"content\">V\u1ecb tr\u00ed<\/span><\/h1>\r\n    <div class=\"descrip\">\r\n      <p>Ch\u00fang t\u00f4i s\u1ebd ch\u1ec9 cho b\u1ea1n c\u00e1ch \u0111\u1ebfn kh\u00e1ch s\u1ea1n.<\/p>\r\n    <\/div>\r\n  <\/section>\r\n  <section class=\"access content\">\r\n    <iframe loading=\"lazy\" src=\"https:\/\/www.google.com\/maps\/embed?pb=!1m18!1m12!1m3!1d3833.677666608748!2d108.21956941559496!3d16.082207988872995!2m3!1f0!2f0!3f0!3m2!1i1024!2i768!4f13.1!3m3!1m2!1s0x3142183c3f8b3f61%3A0x7477695f62e0e8ef!2z44Kw44Op44Oz44O044Kj44Oq44Kq44K344OG44Kj44OA44OK44Oz!5e0!3m2!1sja!2sjp!4v1545956763867\" width=\"1080\" height=\"500\" frameborder=\"0\" style=\"border:0\" allowfullscreen><\/iframe>\r\n    <p>Kh\u00e1ch s\u1ea1n Grandvrio City Danang t\u1ecda l\u1ea1c t\u1ea1i trung t\u00e2m th\u00e0nh ph\u1ed1 \u0110\u00e0 N\u1eb5ng. T\u1eeb s\u00e2n bay Qu\u1ed1c T\u1ebf \u0110\u00e0 N\u1eb5ng r\u1ebd ph\u1ea3i \u0111\u1ebfn \u0111\u01b0\u1eddng Nguy\u1ec5n V\u0103n Linh. Sau \u0111\u00f3 r\u1ebd tr\u00e1i sang \u0111\u01b0\u1eddng B\u1ea1ch \u0110\u1eb1ng (d\u1ecdc theo b\u1edd T\u00e2y s\u00f4ng H\u00e0n) \u0111i th\u1eb3ng \u0111\u1ebfn b\u00f9ng binh giao nhau gi\u1eef \u0111\u01b0\u1eddng B\u1ea1ch \u0110\u1eb1ng &#8211; Tr\u1ea7n Ph\u00fa &#8211; \u0110\u1ed1ng \u0110a. R\u1ebd tr\u00e1i l\u00e0 \u0111\u1ebfn kh\u00e1ch s\u1ea1n Grandvrio City Danang t\u1ecda l\u1ea1c ngay v\u1ecb tr\u00ed \u0111\u1eafc \u0111\u1ecba s\u1ed1 01-03 \u0110\u1ed1ng \u0110a<\/p>\r\n    <p>S\u00e2n bay Qu\u1ed1c T\u1ebf \u0110\u00e0 N\u1eb5ng\uff1a5km<br>Ga \u0110\u00e0 N\u1eb5ng\uff1a2km<br>\u0110\u01b0\u1eddng Qu\u1ed1c L\u1ed9 1A\uff1a4km<\/p>\r\n<!--\r\n    <h3>L\u1ecbch tr\u00ecnh \u0111\u01b0a \u0111\u00f3n s\u00e2n bay mi\u1ec5n ph\u00ed<\/h3>\r\n    <table>\r\n      <tr>\r\n        <th>kh\u00e1ch s\u1ea1n<br>\u2193<br>s\u00e2n bay qu\u1ed1c t\u1ebf \u0110\u00e0 N\u1eb5ng<\/td>\r\n        <th>s\u00e2n bay qu\u1ed1c t\u1ebf \u0110\u00e0 N\u1eb5ng<br>\u2193<br>kh\u00e1ch s\u1ea1n<\/td>\r\n      <\/tr>\r\n      <tr>\r\n        <td>8:00<\/td>\r\n        <td>9:00<\/td>\r\n      <\/tr>\r\n      <tr>\r\n        <td>12:00<\/td>\r\n        <td>13:00<\/td>\r\n      <\/tr>\r\n      <tr>\r\n        <td>16:00<\/td>\r\n        <td>17:00<\/td>\r\n      <\/tr>\r\n      <caption align=\"bottom\">Note:Must book in advance at lease 24 hours and subject to availability<\/caption>\r\n    <\/table>\r\n-->\r\n    <h3>Th\u00f4ng tin khu v\u1ef1c<\/h3>\r\n    <img decoding=\"async\" src=\"https:\/\/grandvriocitydanang.com\/wp-content\/themes\/official\/common\/image\/access\/image1.jpg\">\r\n    <img decoding=\"async\" src=\"https:\/\/grandvriocitydanang.com\/wp-content\/themes\/official\/common\/image\/access\/image2.jpg\">\r\n    <ul>\r\n      <li>S\u00f4ng H\u00e0n\uff1a0.5km<\/li>\r\n      <li>Vi\u1ec7n B\u1ea3o T\u00e0ng V\u0103n H\u00f3a Ngh\u1ec7 Thu\u1eadt Champa\uff1a1.5km<\/li>\r\n      <li>Ch\u1ee3 H\u00e0n\uff1a1km<\/li>\r\n      <li>B\u00e3i Bi\u1ec3n  \u0110\u00e0 n\u1eb5ng\uff1a5km<\/li>\r\n      <li>Ch\u00f9a  Linh \u1ee8ng\uff1a10km<\/li>\r\n      <li>B\u00e1n \u0110\u1ea3o S\u01a1n Tr\u00e0\uff1a6km<\/li>\r\n      <li>Ng\u0169 H\u00e0nh S\u01a1n\uff1a10km<\/li>\r\n      <li>B\u00e0 N\u00e0\uff1a38km<\/li>\r\n      <li>Ph\u1ed1 C\u1ed5 H\u1ed9i An\uff1a30km<\/li>\r\n      <li>Th\u00e1nh \u0110\u1ecba M\u1ef9 s\u01a1n\uff1a44km<\/li>\r\n      <li>C\u1ed1 \u0110\u00f4 Hu\u1ebf\uff1a95km<\/li>\r\n    <\/ul>\r\n  <\/section>\r\n<\/div>\r\n","protected":false},"excerpt":{"rendered":"<p>V\u1ecb tr\u00ed Ch\u00fang t\u00f4i s\u1ebd ch\u1ec9 cho b\u1ea1n c\u00e1ch \u0111\u1ebfn kh\u00e1ch s\u1ea1n. Kh\u00e1ch s\u1ea1n Grandvrio City Danang t\u1ecda l\u1ea1c t\u1ea1i trung t\u00e2m th\u00e0n [&hellip;]<\/p>\n","protected":false},"author":1,"featured_media":0,"parent":0,"menu_order":0,"comment_status":"closed","ping_status":"closed","template":"","meta":{"_locale":"vi","_original_post":"73","footnotes":""},"class_list":["post-302","page","type-page","status-publish","hentry","vi"],"_links":{"self":[{"href":"https:\/\/www.grandvriocitydanang.com\/wp-json\/wp\/v2\/pages\/302","targetHints":{"allow":["GET"]}}],"collection":[{"href":"https:\/\/www.grandvriocitydanang.com\/wp-json\/wp\/v2\/pages"}],"about":[{"href":"https:\/\/www.grandvriocitydanang.com\/wp-json\/wp\/v2\/types\/page"}],"author":[{"embeddable":true,"href":"https:\/\/www.grandvriocitydanang.com\/wp-json\/wp\/v2\/users\/1"}],"replies":[{"embeddable":true,"href":"https:\/\/www.grandvriocitydanang.com\/wp-json\/wp\/v2\/comments?post=302"}],"version-history":[{"count":4,"href":"https:\/\/www.grandvriocitydanang.com\/wp-json\/wp\/v2\/pages\/302\/revisions"}],"predecessor-version":[{"id":881,"href":"https:\/\/www.grandvriocitydanang.com\/wp-json\/wp\/v2\/pages\/302\/revisions\/881"}],"wp:attachment":[{"href":"https:\/\/www.grandvriocitydanang.com\/wp-json\/wp\/v2\/media?parent=302"}],"curies":[{"name":"wp","href":"https:\/\/api.w.org\/{rel}","templated":true}]}}