{"id":289,"date":"2019-02-04T14:10:05","date_gmt":"2019-02-04T05:10:05","guid":{"rendered":"https:\/\/grandvriocitydanang.com\/?page_id=289"},"modified":"2023-04-11T16:10:31","modified_gmt":"2023-04-11T16:10:31","slug":"wellness","status":"publish","type":"page","link":"https:\/\/www.grandvriocitydanang.com\/vi\/wellness\/","title":{"rendered":"c\u01a1 s\u1edf gi\u1ea3i tr\u00ed"},"content":{"rendered":"<div id=\"wellness\">\r\n<section class=\"mainimg\"><img decoding=\"async\" src=\"https:\/\/grandvriocitydanang.com\/wp-content\/themes\/official\/common\/image\/wellness\/mainimg.jpg\" \/>\r\n<h1><span class=\"content\">c\u01a1 s\u1edf gi\u1ea3i tr\u00ed<\/span><\/h1>\r\n<div class=\"descrip\">\r\n<p>Kh\u00e1ch s\u1ea1n Grandvrio city \u0110\u00e0 N\u1eb5ng \u0111\u01b0\u1ee3c trang b\u1ecb nhi\u1ec1u c\u01a1 s\u1edf v\u1eadt ch\u1ea5t c\u00f3 th\u1ec3 ngh\u1ec9 ng\u01a1i th\u01b0 gi\u00e3n, nh\u01b0 l\u00e0 ph\u00f2ng t\u1eafm x\u00f4ng h\u01a1i \u0111\u1eb7c tr\u01b0ng c\u1ee7a kh\u00e1ch s\u1ea1n ki\u1ec3u Nh\u1eadt, \u0111\u1ebfn v\u1edbi IZUMI spa qu\u00fd kh\u00e1ch s\u1ebd \u0111\u01b0\u1ee3c tr\u1ea3i nghi\u1ec7m nh\u1eefng b\u00e0i tr\u1ecb li\u1ec7u Tre truy\u1ec1n th\u1ed1ng c\u1ee7a Vi\u1ec7t Nam hay tr\u1ecb li\u1ec7u Vi\u1ec7t Nam \u0111\u01b0\u1ee3c nhi\u1ec1u ng\u01b0\u1eddi y\u00eau th\u00edch<\/p>\r\n<\/div>\r\n<\/section>\r\n<section class=\"menu\">\r\n<div class=\"menu-content\"><img decoding=\"async\" src=\"https:\/\/grandvriocitydanang.com\/wp-content\/themes\/official\/common\/image\/wellness\/menu1.jpg\" \/>\r\n<div class=\"wrap1080\">\r\n<div>\r\n<h2>IZUMI SPA<\/h2>\r\n<p>Qu\u00fd kh\u00e1ch s\u1ebd \u0111\u01b0\u1ee3c ph\u1ee5c v\u1ee5 nhi\u1ec1u d\u1ecbch v\u1ee5 \u0111a d\u1ea1ng t\u1eeb b\u00e0i tr\u1ecb li\u1ec7u Vi\u1ec7t Nam r\u1ea5t \u0111\u01b0\u1ee3c y\u00eau th\u00edch cho \u0111\u1ebfn tr\u1ecb li\u1ec7u ki\u1ec3u Nh\u1eadt v\u00e0 Th\u00e1i \u2026 v\u00e0 c\u00f3 c\u1ea3 tr\u1ecb li\u1ec7u Slimming, Bamboo m\u1edbi \u0111\u01b0\u1ee3c b\u1ed5 sung v\u00e0o menu.<br \/>Th\u1eddi gian\uff1a10:00\uff5e22:00 L.O. 21:00<\/p>\r\n<a href=\"https:\/\/grandvriocitydanang.com\/wp-content\/uploads\/2023\/04\/menu-spa-tv.pdf\" class=\"detail\">Menu(PDF)<\/a><\/div>\r\n<\/div>\r\n<\/div>\r\n<div class=\"menu-content\"><img decoding=\"async\" src=\"https:\/\/grandvriocitydanang.com\/wp-content\/themes\/official\/common\/image\/wellness\/menu2.jpg\" \/>\r\n<div class=\"wrap1080\">\r\n<div>\r\n<h2>Ph\u00f2ng t\u1eafm ki\u1ec3u Nh\u1eadt<\/h2>\r\n<p>V\u1edbi kh\u00f4ng gian t\u1ef1 nhi\u00ean \u0111\u01b0\u1ee3c bao b\u1ecdc b\u1edfi tr\u00fac, ph\u00f2ng t\u1eafm l\u1edbn mang \u0111\u1eadm phong c\u00e1ch Nh\u1eadt \u0111\u01b0\u1ee3c x\u00e2y g\u1ed9p chung gi\u1eefa ph\u00f2ng x\u00f4ng h\u01a1i v\u00e0 b\u1ed3n n\u01b0\u1edbc n\u00f3ng l\u00e0 m\u1ed9t \u0111i\u1ec3m thu h\u00fat c\u1ee7a Grandvrio city.<br \/>Th\u1eddi gian\uff1a6:30-22:00 ( 13:00-14:00 t\u1ea1m \u0111\u00f3ng c\u1eeda \u0111\u1ec3 v\u1ec7 sinh)<\/p>\r\n<\/div>\r\n<\/div>\r\n<\/div>\r\n<div class=\"menu-content\"><img decoding=\"async\" src=\"https:\/\/grandvriocitydanang.com\/wp-content\/themes\/official\/common\/image\/wellness\/menu3.jpg\" \/>\r\n<div class=\"wrap1080\">\r\n<div>\r\n<h2>H\u1ed3 b\u01a1i<\/h2>\r\n<p>H\u1ed3 b\u01a1i n\u1eb1m trong khu\u00f4n vi\u00ean t\u1ea7ng 1 c\u00f3 kh\u00f4ng gian ri\u00eang t\u01b0 n\u01a1i qu\u00fd kh\u00e1ch c\u00f3 th\u1ec3 th\u01b0 gi\u00e3n tho\u1ea3i m\u00e1i.<br \/>Th\u1eddi gian\uff1a6:30-19:00<\/p>\r\n<\/div>\r\n<\/div>\r\n<\/div>\r\n<div class=\"menu-content\"><img decoding=\"async\" src=\"https:\/\/grandvriocitydanang.com\/wp-content\/themes\/official\/common\/image\/wellness\/menu4.jpg\" \/>\r\n<div class=\"wrap1080\">\r\n<div>\r\n<h2>Gym<\/h2>\r\n<p>Gym \u0111\u01b0\u1ee3c trang b\u1ecb nh\u1eefng d\u1ee5ng c\u1ee5 v\u1eadn \u0111\u1ed9ng th\u00edch h\u1ee3p cho c\u00e1c b\u00e0i t\u1eadp \u0111\u01a1n gi\u1ea3n.<br \/>Th\u1eddi gian\uff1a6:30-22:00<\/p>\r\n<\/div>\r\n<\/div>\r\n<\/div>\r\n<\/section>\r\n<\/div>","protected":false},"excerpt":{"rendered":"<p>c\u01a1 s\u1edf gi\u1ea3i tr\u00ed Kh\u00e1ch s\u1ea1n Grandvrio city \u0110\u00e0 N\u1eb5ng \u0111\u01b0\u1ee3c trang b\u1ecb nhi\u1ec1u c\u01a1 s\u1edf v\u1eadt ch\u1ea5t c\u00f3 th\u1ec3 ngh\u1ec9 ng\u01a1i th\u01b0 gi\u00e3n,  [&hellip;]<\/p>\n","protected":false},"author":1,"featured_media":0,"parent":0,"menu_order":0,"comment_status":"closed","ping_status":"closed","template":"","meta":{"_locale":"vi","_original_post":"57","footnotes":""},"class_list":["post-289","page","type-page","status-publish","hentry","vi"],"_links":{"self":[{"href":"https:\/\/www.grandvriocitydanang.com\/wp-json\/wp\/v2\/pages\/289","targetHints":{"allow":["GET"]}}],"collection":[{"href":"https:\/\/www.grandvriocitydanang.com\/wp-json\/wp\/v2\/pages"}],"about":[{"href":"https:\/\/www.grandvriocitydanang.com\/wp-json\/wp\/v2\/types\/page"}],"author":[{"embeddable":true,"href":"https:\/\/www.grandvriocitydanang.com\/wp-json\/wp\/v2\/users\/1"}],"replies":[{"embeddable":true,"href":"https:\/\/www.grandvriocitydanang.com\/wp-json\/wp\/v2\/comments?post=289"}],"version-history":[{"count":12,"href":"https:\/\/www.grandvriocitydanang.com\/wp-json\/wp\/v2\/pages\/289\/revisions"}],"predecessor-version":[{"id":1124,"href":"https:\/\/www.grandvriocitydanang.com\/wp-json\/wp\/v2\/pages\/289\/revisions\/1124"}],"wp:attachment":[{"href":"https:\/\/www.grandvriocitydanang.com\/wp-json\/wp\/v2\/media?parent=289"}],"curies":[{"name":"wp","href":"https:\/\/api.w.org\/{rel}","templated":true}]}}