{"id":287,"date":"2019-02-04T13:22:18","date_gmt":"2019-02-04T04:22:18","guid":{"rendered":"https:\/\/grandvriocitydanang.com\/?page_id=287"},"modified":"2019-03-18T14:22:38","modified_gmt":"2019-03-18T05:22:38","slug":"detail3","status":"publish","type":"page","link":"https:\/\/www.grandvriocitydanang.com\/vi\/event\/detail3\/","title":{"rendered":"S\u1ef1 ki\u1ec7n"},"content":{"rendered":"<div id=\"event\">\r\n  <section class=\"mainimg\">\r\n    <img decoding=\"async\" src=\"https:\/\/grandvriocitydanang.com\/wp-content\/themes\/official\/common\/image\/event\/detail3_mainimg.jpg\">\r\n    <h1><span class=\"content\">S\u1ef1 ki\u1ec7n<\/span><\/h1>\r\n    <div class=\"descrip\">\r\n      <p>C\u00f3 th\u1ec3 \u0111\u00e1p \u1ee9ng nhu c\u1ea7u \u0111a d\u1ea1ng c\u1ee7a kh\u00e1ch h\u00e0ng t\u1eeb ti\u1ec7c v\u1edbi s\u1ed1 l\u01b0\u1ee3ng \u00edt ng\u01b0\u1eddi, hay ti\u1ec7c t\u1ea5t ni\u00ean, t\u00e2n ni\u00ean, cho \u0111\u1ebfn c\u00e1c set m\u00f3n Vi\u1ec7t c\u0169ng nh\u01b0 m\u00f3n Nh\u1eadt.<\/p>\r\n    <\/div>\r\n  <\/section>\r\n  <section class=\"content\">\r\n    <div class=\"photo\">\r\n      <ul class=\"slider\">\r\n        <li><img decoding=\"async\" width=\"850\" src=\"https:\/\/grandvriocitydanang.com\/wp-content\/themes\/official\/common\/image\/event\/menu3.jpg\"><\/li>\r\n        <li><img decoding=\"async\" width=\"850\" src=\"https:\/\/grandvriocitydanang.com\/wp-content\/themes\/official\/common\/image\/event\/detail1_5.jpg\"><\/li>\r\n        <li><img decoding=\"async\" width=\"850\" src=\"https:\/\/grandvriocitydanang.com\/wp-content\/themes\/official\/common\/image\/event\/detail1_13.jpg\"><\/li>\r\n        <li><img decoding=\"async\" width=\"850\" src=\"https:\/\/grandvriocitydanang.com\/wp-content\/themes\/official\/common\/image\/event\/detail1_10.jpg\"><\/li>\r\n        <li><img decoding=\"async\" width=\"850\" src=\"https:\/\/grandvriocitydanang.com\/wp-content\/themes\/official\/common\/image\/event\/detail1_12.jpg\"><\/li>\r\n      <\/ul>\r\n      <ul class=\"slider-nav\">\r\n        <li><img decoding=\"async\" width=\"200\" src=\"https:\/\/grandvriocitydanang.com\/wp-content\/themes\/official\/common\/image\/event\/menu3.jpg\"><\/li>\r\n        <li><img decoding=\"async\" width=\"200\" src=\"https:\/\/grandvriocitydanang.com\/wp-content\/themes\/official\/common\/image\/event\/detail1_5.jpg\"><\/li>\r\n        <li><img decoding=\"async\" width=\"200\" src=\"https:\/\/grandvriocitydanang.com\/wp-content\/themes\/official\/common\/image\/event\/detail1_13.jpg\"><\/li>    \r\n        <li><img decoding=\"async\" width=\"200\" src=\"https:\/\/grandvriocitydanang.com\/wp-content\/themes\/official\/common\/image\/event\/detail1_10.jpg\"><\/li>\r\n        <li><img decoding=\"async\" width=\"200\" src=\"https:\/\/grandvriocitydanang.com\/wp-content\/themes\/official\/common\/image\/event\/detail1_12.jpg\"><\/li>\r\n      <\/ul>\r\n    <\/div>\r\n    <div class=\"info\">\r\n    <\/div>\r\n  <\/section>\r\n  <section class=\"other\">\r\n    <ul>\r\n      <li><a href=\"..\/detail1\">Ph\u00f2ng h\u1ecdp<\/a><\/li>\r\n      <li><a href=\"..\/detail2\">Ti\u1ec7c c\u01b0\u1edbi<\/a><\/li>\r\n      <li><a href=\"..\/detail3\">S\u1ef1 ki\u1ec7n<\/a><\/li>\r\n    <\/ul>\r\n  <\/section>\r\n<\/div>\r\n","protected":false},"excerpt":{"rendered":"<p>S\u1ef1 ki\u1ec7n C\u00f3 th\u1ec3 \u0111\u00e1p \u1ee9ng nhu c\u1ea7u \u0111a d\u1ea1ng c\u1ee7a kh\u00e1ch h\u00e0ng t\u1eeb ti\u1ec7c v\u1edbi s\u1ed1 l\u01b0\u1ee3ng \u00edt ng\u01b0\u1eddi, hay ti\u1ec7c t\u1ea5t ni\u00ean, t\u00e2n ni [&hellip;]<\/p>\n","protected":false},"author":1,"featured_media":0,"parent":274,"menu_order":0,"comment_status":"closed","ping_status":"closed","template":"","meta":{"_locale":"vi","_original_post":"54","footnotes":""},"class_list":["post-287","page","type-page","status-publish","hentry","vi"],"_links":{"self":[{"href":"https:\/\/www.grandvriocitydanang.com\/wp-json\/wp\/v2\/pages\/287","targetHints":{"allow":["GET"]}}],"collection":[{"href":"https:\/\/www.grandvriocitydanang.com\/wp-json\/wp\/v2\/pages"}],"about":[{"href":"https:\/\/www.grandvriocitydanang.com\/wp-json\/wp\/v2\/types\/page"}],"author":[{"embeddable":true,"href":"https:\/\/www.grandvriocitydanang.com\/wp-json\/wp\/v2\/users\/1"}],"replies":[{"embeddable":true,"href":"https:\/\/www.grandvriocitydanang.com\/wp-json\/wp\/v2\/comments?post=287"}],"version-history":[{"count":2,"href":"https:\/\/www.grandvriocitydanang.com\/wp-json\/wp\/v2\/pages\/287\/revisions"}],"predecessor-version":[{"id":626,"href":"https:\/\/www.grandvriocitydanang.com\/wp-json\/wp\/v2\/pages\/287\/revisions\/626"}],"up":[{"embeddable":true,"href":"https:\/\/www.grandvriocitydanang.com\/wp-json\/wp\/v2\/pages\/274"}],"wp:attachment":[{"href":"https:\/\/www.grandvriocitydanang.com\/wp-json\/wp\/v2\/media?parent=287"}],"curies":[{"name":"wp","href":"https:\/\/api.w.org\/{rel}","templated":true}]}}