{"id":284,"date":"2019-02-04T13:19:57","date_gmt":"2019-02-04T04:19:57","guid":{"rendered":"https:\/\/grandvriocitydanang.com\/?page_id=284"},"modified":"2019-03-18T14:22:13","modified_gmt":"2019-03-18T05:22:13","slug":"detail2","status":"publish","type":"page","link":"https:\/\/www.grandvriocitydanang.com\/vi\/event\/detail2\/","title":{"rendered":"Ti\u1ec7c c\u01b0\u1edbi"},"content":{"rendered":"<div id=\"event\">\r\n  <section class=\"mainimg\">\r\n    <img decoding=\"async\" src=\"https:\/\/grandvriocitydanang.com\/wp-content\/themes\/official\/common\/image\/event\/detail2_mainimg.jpg\">\r\n    <h1><span class=\"content\">Ti\u1ec7c c\u01b0\u1edbi<\/span><\/h1>\r\n    <div class=\"descrip\">\r\n      <p>S\u1ea3nh ti\u1ec7c c\u01b0\u1edbi YURI t\u1ecda l\u1ea1c gi\u1eefa trung t\u00e2m th\u00e0nh ph\u1ed1 \u0110\u00e0 N\u1eb5ng v\u1edbi s\u1ee9c ch\u1ee9a t\u1ed1i \u0111a 550 ng\u01b0\u1eddi c\u00f9ng v\u1edbi t\u00f4ng m\u00e0u tr\u1eafng tinh kh\u00f4i ch\u1ee7 \u0111\u1ea1o s\u1ebd l\u00e0 n\u01a1i m\u1edf ra c\u00e1nh c\u1eeda h\u1ea1nh ph\u00fac cho \u0111\u00f4i uy\u00ean \u01b0\u01a1ng.<\/p>\r\n    <\/div>\r\n  <\/section>\r\n  <section class=\"content\">\r\n    <div class=\"photo\">\r\n      <ul class=\"slider\">\r\n        <li><img decoding=\"async\" width=\"850\" src=\"https:\/\/grandvriocitydanang.com\/wp-content\/themes\/official\/common\/image\/event\/detail2_1.jpg\"><\/li>\r\n        <li><img decoding=\"async\" width=\"850\" src=\"https:\/\/grandvriocitydanang.com\/wp-content\/themes\/official\/common\/image\/event\/detail2_2.jpg\"><\/li>\r\n        <li><img decoding=\"async\" width=\"850\" src=\"https:\/\/grandvriocitydanang.com\/wp-content\/themes\/official\/common\/image\/event\/detail2_3.jpg\"><\/li>\r\n        <li><img decoding=\"async\" width=\"850\" src=\"https:\/\/grandvriocitydanang.com\/wp-content\/themes\/official\/common\/image\/event\/detail2_4.jpg\"><\/li>\r\n        <li><img decoding=\"async\" width=\"850\" src=\"https:\/\/grandvriocitydanang.com\/wp-content\/themes\/official\/common\/image\/event\/menu2.jpg\"><\/li>\r\n        <li><img decoding=\"async\" width=\"850\" src=\"https:\/\/grandvriocitydanang.com\/wp-content\/themes\/official\/common\/image\/event\/detail2_6.jpg\"><\/li>\r\n        <li><img decoding=\"async\" width=\"850\" src=\"https:\/\/grandvriocitydanang.com\/wp-content\/themes\/official\/common\/image\/event\/detail2_7.jpg\"><\/li>\r\n        <li><img decoding=\"async\" width=\"850\" src=\"https:\/\/grandvriocitydanang.com\/wp-content\/themes\/official\/common\/image\/event\/detail2_8.jpg\"><\/li>\r\n        <li><img decoding=\"async\" width=\"850\" src=\"https:\/\/grandvriocitydanang.com\/wp-content\/themes\/official\/common\/image\/event\/detail2_9.jpg\"><\/li>\r\n        <li><img decoding=\"async\" width=\"850\" src=\"https:\/\/grandvriocitydanang.com\/wp-content\/themes\/official\/common\/image\/event\/detail2_10.jpg\"><\/li>\r\n      <\/ul>\r\n      <ul class=\"slider-nav\">\r\n        <li><img decoding=\"async\" width=\"200\" src=\"https:\/\/grandvriocitydanang.com\/wp-content\/themes\/official\/common\/image\/event\/detail2_1.jpg\"><\/li>\r\n        <li><img decoding=\"async\" width=\"200\" src=\"https:\/\/grandvriocitydanang.com\/wp-content\/themes\/official\/common\/image\/event\/detail2_2.jpg\"><\/li>\r\n        <li><img decoding=\"async\" width=\"200\" src=\"https:\/\/grandvriocitydanang.com\/wp-content\/themes\/official\/common\/image\/event\/detail2_3.jpg\"><\/li>    \r\n        <li><img decoding=\"async\" width=\"200\" src=\"https:\/\/grandvriocitydanang.com\/wp-content\/themes\/official\/common\/image\/event\/detail2_4.jpg\"><\/li>\r\n        <li><img decoding=\"async\" width=\"200\" src=\"https:\/\/grandvriocitydanang.com\/wp-content\/themes\/official\/common\/image\/event\/menu2.jpg\"><\/li>\r\n        <li><img decoding=\"async\" width=\"200\" src=\"https:\/\/grandvriocitydanang.com\/wp-content\/themes\/official\/common\/image\/event\/detail2_6.jpg\"><\/li>\r\n        <li><img decoding=\"async\" width=\"200\" src=\"https:\/\/grandvriocitydanang.com\/wp-content\/themes\/official\/common\/image\/event\/detail2_7.jpg\"><\/li>    \r\n        <li><img decoding=\"async\" width=\"200\" src=\"https:\/\/grandvriocitydanang.com\/wp-content\/themes\/official\/common\/image\/event\/detail2_8.jpg\"><\/li>\r\n        <li><img decoding=\"async\" width=\"200\" src=\"https:\/\/grandvriocitydanang.com\/wp-content\/themes\/official\/common\/image\/event\/detail2_9.jpg\"><\/li>\r\n        <li><img decoding=\"async\" width=\"200\" src=\"https:\/\/grandvriocitydanang.com\/wp-content\/themes\/official\/common\/image\/event\/detail2_10.jpg\"><\/li>    \r\n      <\/ul>\r\n    <\/div>\r\n    <div class=\"info\">\r\n    <\/div>\r\n  <\/section>\r\n  <section class=\"other\">\r\n    <ul>\r\n      <li><a href=\"..\/detail1\">Ph\u00f2ng h\u1ecdp<\/a><\/li>\r\n      <li><a href=\"..\/detail2\">Ti\u1ec7c c\u01b0\u1edbi<\/a><\/li>\r\n      <li><a href=\"..\/detail3\">S\u1ef1 ki\u1ec7n<\/a><\/li>\r\n    <\/ul>\r\n  <\/section>\r\n<\/div>\r\n","protected":false},"excerpt":{"rendered":"<p>Ti\u1ec7c c\u01b0\u1edbi S\u1ea3nh ti\u1ec7c c\u01b0\u1edbi YURI t\u1ecda l\u1ea1c gi\u1eefa trung t\u00e2m th\u00e0nh ph\u1ed1 \u0110\u00e0 N\u1eb5ng v\u1edbi s\u1ee9c ch\u1ee9a t\u1ed1i \u0111a 550 ng\u01b0\u1eddi c\u00f9ng v\u1edbi  [&hellip;]<\/p>\n","protected":false},"author":1,"featured_media":0,"parent":274,"menu_order":0,"comment_status":"closed","ping_status":"closed","template":"","meta":{"_locale":"vi","_original_post":"52","footnotes":""},"class_list":["post-284","page","type-page","status-publish","hentry","vi"],"_links":{"self":[{"href":"https:\/\/www.grandvriocitydanang.com\/wp-json\/wp\/v2\/pages\/284","targetHints":{"allow":["GET"]}}],"collection":[{"href":"https:\/\/www.grandvriocitydanang.com\/wp-json\/wp\/v2\/pages"}],"about":[{"href":"https:\/\/www.grandvriocitydanang.com\/wp-json\/wp\/v2\/types\/page"}],"author":[{"embeddable":true,"href":"https:\/\/www.grandvriocitydanang.com\/wp-json\/wp\/v2\/users\/1"}],"replies":[{"embeddable":true,"href":"https:\/\/www.grandvriocitydanang.com\/wp-json\/wp\/v2\/comments?post=284"}],"version-history":[{"count":3,"href":"https:\/\/www.grandvriocitydanang.com\/wp-json\/wp\/v2\/pages\/284\/revisions"}],"predecessor-version":[{"id":625,"href":"https:\/\/www.grandvriocitydanang.com\/wp-json\/wp\/v2\/pages\/284\/revisions\/625"}],"up":[{"embeddable":true,"href":"https:\/\/www.grandvriocitydanang.com\/wp-json\/wp\/v2\/pages\/274"}],"wp:attachment":[{"href":"https:\/\/www.grandvriocitydanang.com\/wp-json\/wp\/v2\/media?parent=284"}],"curies":[{"name":"wp","href":"https:\/\/api.w.org\/{rel}","templated":true}]}}