{"id":276,"date":"2019-02-04T12:05:10","date_gmt":"2019-02-04T03:05:10","guid":{"rendered":"https:\/\/grandvriocitydanang.com\/?page_id=276"},"modified":"2019-03-18T19:25:32","modified_gmt":"2019-03-18T10:25:32","slug":"detail1","status":"publish","type":"page","link":"https:\/\/www.grandvriocitydanang.com\/vi\/event\/detail1\/","title":{"rendered":"Ph\u00f2ng h\u1ecdp"},"content":{"rendered":"<div id=\"event\">\r\n  <section class=\"mainimg\">\r\n    <img decoding=\"async\" src=\"https:\/\/grandvriocitydanang.com\/wp-content\/themes\/official\/common\/image\/event\/mainimg.jpg\">\r\n    <h1><span class=\"content\">Ph\u00f2ng h\u1ecdp<\/span><\/h1>\r\n    <div class=\"descrip\">\r\n      <p>Ph\u00f2ng h\u1ed9i ngh\u1ecb v\u1edbi nhi\u1ec1u k\u00edch th\u01b0\u1edbc kh\u00e1c nhau, t\u1eeb nh\u1eefng cu\u1ed9c h\u1ecdp c\u00f3 s\u1ed1 l\u01b0\u1ee3ng ng\u01b0\u1eddi \u00edt cho \u0111\u1ebfn h\u1ed9i ngh\u1ecb l\u1edbn \u0111\u1ec1u c\u00f3 th\u1ec3 s\u1eed d\u1ee5ng \u0111\u01b0\u1ee3c. H\u01a1n n\u1eefa, m\u00e0n h\u00ecnh v\u00e0 m\u00e1y chi\u1ebfu\u2026 c\u0169ng s\u1ebd \u0111\u01b0\u1ee3c h\u1ed7 tr\u1ee3 ri\u00eang n\u1ebfu kh\u00e1ch y\u00eau c\u1ea7u.<\/p>\r\n    <\/div>\r\n  <\/section>\r\n  <section class=\"content\">\r\n    <div class=\"photo\">\r\n      <ul class=\"slider\">\r\n        <li><img decoding=\"async\" width=\"850\" src=\"https:\/\/grandvriocitydanang.com\/wp-content\/themes\/official\/common\/image\/event\/detail1_1.jpg\"><\/li>\r\n        <li><img decoding=\"async\" width=\"850\" src=\"https:\/\/grandvriocitydanang.com\/wp-content\/themes\/official\/common\/image\/event\/detail1_2.jpg\"><\/li>\r\n        <li><img decoding=\"async\" width=\"850\" src=\"https:\/\/grandvriocitydanang.com\/wp-content\/themes\/official\/common\/image\/event\/menu1.jpg\"><\/li>\r\n        <li><img decoding=\"async\" width=\"850\" src=\"https:\/\/grandvriocitydanang.com\/wp-content\/themes\/official\/common\/image\/event\/detail1_4.jpg\"><\/li>\r\n        <li><img decoding=\"async\" width=\"850\" src=\"https:\/\/grandvriocitydanang.com\/wp-content\/themes\/official\/common\/image\/event\/detail1_5.jpg\"><\/li>\r\n        <li><img decoding=\"async\" width=\"850\" src=\"https:\/\/grandvriocitydanang.com\/wp-content\/themes\/official\/common\/image\/event\/detail1_6.jpg\"><\/li>\r\n        <li><img decoding=\"async\" width=\"850\" src=\"https:\/\/grandvriocitydanang.com\/wp-content\/themes\/official\/common\/image\/event\/detail1_7.jpg\"><\/li>\r\n        <li><img decoding=\"async\" width=\"850\" src=\"https:\/\/grandvriocitydanang.com\/wp-content\/themes\/official\/common\/image\/event\/detail1_8.jpg\"><\/li>\r\n        <li><img decoding=\"async\" width=\"850\" src=\"https:\/\/grandvriocitydanang.com\/wp-content\/themes\/official\/common\/image\/event\/detail1_9.jpg\"><\/li>\r\n        <li><img decoding=\"async\" width=\"850\" src=\"https:\/\/grandvriocitydanang.com\/wp-content\/themes\/official\/common\/image\/event\/detail1_10.jpg\"><\/li>\r\n        <li><img decoding=\"async\" width=\"850\" src=\"https:\/\/grandvriocitydanang.com\/wp-content\/themes\/official\/common\/image\/event\/detail1_11.jpg\"><\/li>\r\n        <li><img decoding=\"async\" width=\"850\" src=\"https:\/\/grandvriocitydanang.com\/wp-content\/themes\/official\/common\/image\/event\/detail1_12.jpg\"><\/li>\r\n        <li><img decoding=\"async\" width=\"850\" src=\"https:\/\/grandvriocitydanang.com\/wp-content\/themes\/official\/common\/image\/event\/detail1_13.jpg\"><\/li>\r\n      <\/ul>\r\n      <ul class=\"slider-nav\">\r\n        <li><img decoding=\"async\" width=\"200\" src=\"https:\/\/grandvriocitydanang.com\/wp-content\/themes\/official\/common\/image\/event\/detail1_1.jpg\"><\/li>\r\n        <li><img decoding=\"async\" width=\"200\" src=\"https:\/\/grandvriocitydanang.com\/wp-content\/themes\/official\/common\/image\/event\/detail1_2.jpg\"><\/li>\r\n        <li><img decoding=\"async\" width=\"200\" src=\"https:\/\/grandvriocitydanang.com\/wp-content\/themes\/official\/common\/image\/event\/menu1.jpg\"><\/li>\r\n        <li><img decoding=\"async\" width=\"200\" src=\"https:\/\/grandvriocitydanang.com\/wp-content\/themes\/official\/common\/image\/event\/detail1_4.jpg\"><\/li>    \r\n        <li><img decoding=\"async\" width=\"200\" src=\"https:\/\/grandvriocitydanang.com\/wp-content\/themes\/official\/common\/image\/event\/detail1_5.jpg\"><\/li>\r\n        <li><img decoding=\"async\" width=\"200\" src=\"https:\/\/grandvriocitydanang.com\/wp-content\/themes\/official\/common\/image\/event\/detail1_6.jpg\"><\/li>\r\n        <li><img decoding=\"async\" width=\"200\" src=\"https:\/\/grandvriocitydanang.com\/wp-content\/themes\/official\/common\/image\/event\/detail1_7.jpg\"><\/li>    \r\n        <li><img decoding=\"async\" width=\"200\" src=\"https:\/\/grandvriocitydanang.com\/wp-content\/themes\/official\/common\/image\/event\/detail1_8.jpg\"><\/li>\r\n        <li><img decoding=\"async\" width=\"200\" src=\"https:\/\/grandvriocitydanang.com\/wp-content\/themes\/official\/common\/image\/event\/detail1_9.jpg\"><\/li>\r\n        <li><img decoding=\"async\" width=\"200\" src=\"https:\/\/grandvriocitydanang.com\/wp-content\/themes\/official\/common\/image\/event\/detail1_10.jpg\"><\/li>    \r\n        <li><img decoding=\"async\" width=\"200\" src=\"https:\/\/grandvriocitydanang.com\/wp-content\/themes\/official\/common\/image\/event\/detail1_11.jpg\"><\/li>\r\n        <li><img decoding=\"async\" width=\"200\" src=\"https:\/\/grandvriocitydanang.com\/wp-content\/themes\/official\/common\/image\/event\/detail1_12.jpg\"><\/li>\r\n        <li><img decoding=\"async\" width=\"200\" src=\"https:\/\/grandvriocitydanang.com\/wp-content\/themes\/official\/common\/image\/event\/detail1_13.jpg\"><\/li>\r\n      <\/ul>\r\n    <\/div>\r\n    <div class=\"info\">\r\n      <dl>\r\n        <dt>S\u1ee9c ch\u1ee9a t\u1ed1i \u0111a<\/dt>\r\n        <dd>\r\n          <table>\r\n            <thead>\r\n              <tr>\r\n                <th>T\u00ean ph\u00f2ng h\u1ed9i ngh\u1ecb<\/th>\r\n                <th>Di\u1ec7n t\u00edch(\u33a1)<\/th>\r\n                <th>Ki\u1ec3u r\u1ea1p chi\u1ebfu phim<\/th>\r\n                <th>Ki\u1ec3u l\u1edbp h\u1ecdc<\/th>\r\n                <th>Ki\u1ec3u ti\u1ec7c<\/th>\r\n                <th>Ki\u1ec3u ch\u1eef U<\/th>\r\n                <th>Ki\u1ec3u h\u1ed9i ngh\u1ecb<\/th>\r\n                <th>Ki\u1ec3u v\u00f2ng tr\u00f2n<\/th>\r\n              <\/tr>\r\n            <\/thead>\r\n            <tbody>\r\n              <tr>\r\n                <th>Yuri<\/th>\r\n                <th>Sakura<\/th>\r\n                <th>Suisen<\/th>\r\n                <th>Tsubaki<\/th>\r\n              <\/tr>\r\n              <tr>\r\n                <td>475<\/td>\r\n                <td>323<\/td>\r\n                <td>319<\/td>\r\n                <td>60<\/td>\r\n              <\/tr>\r\n              <tr>\r\n                <td>550<\/td>\r\n                <td>400<\/td>\r\n                <td>80<\/td>\r\n                <td>50<\/td>\r\n              <\/tr>\r\n              <tr>\r\n                <td>300<\/td>\r\n                <td>250<\/td>\r\n                <td>60<\/td>\r\n                <td>30<\/td>\r\n              <\/tr>\r\n              <tr>\r\n                <td>240<\/td>\r\n                <td>500<\/td>\r\n                <td>72<\/td>\r\n                <td>18<\/td>\r\n              <\/tr>\r\n              <tr>\r\n                <td>\uff0d<\/td>\r\n                <td>180<\/td>\r\n                <td>\uff0d<\/td>\r\n                <td>16<\/td>\r\n              <\/tr>\r\n              <tr>\r\n                <td>\uff0d<\/td>\r\n                <td>160<\/td>\r\n                <td>\uff0d<\/td>\r\n                <td>20<\/td>\r\n              <\/tr>\r\n              <tr>\r\n                <td>\uff0d<\/td>\r\n                <td>160<\/td>\r\n                <td>\uff0d<\/td>\r\n                <td>20<\/td>\r\n              <\/tr>\r\n            <\/tbody>\r\n          <\/table>\r\n        <\/dd>\r\n      <\/dl>\r\n    <\/div>\r\n  <\/section>\r\n  <section class=\"other\">\r\n    <ul>\r\n      <li><a href=\"..\/detail1\">Ph\u00f2ng h\u1ecdp<\/a><\/li>\r\n      <li><a href=\"..\/detail2\">Ti\u1ec7c c\u01b0\u1edbi<\/a><\/li>\r\n      <li><a href=\"..\/detail3\">S\u1ef1 ki\u1ec7n<\/a><\/li>\r\n    <\/ul>\r\n  <\/section>\r\n<\/div>\r\n","protected":false},"excerpt":{"rendered":"<p>Ph\u00f2ng h\u1ecdp Ph\u00f2ng h\u1ed9i ngh\u1ecb v\u1edbi nhi\u1ec1u k\u00edch th\u01b0\u1edbc kh\u00e1c nhau, t\u1eeb nh\u1eefng cu\u1ed9c h\u1ecdp c\u00f3 s\u1ed1 l\u01b0\u1ee3ng ng\u01b0\u1eddi \u00edt cho \u0111\u1ebfn h\u1ed9i ng [&hellip;]<\/p>\n","protected":false},"author":1,"featured_media":0,"parent":274,"menu_order":0,"comment_status":"closed","ping_status":"closed","template":"","meta":{"_locale":"vi","_original_post":"50","footnotes":""},"class_list":["post-276","page","type-page","status-publish","hentry","vi"],"_links":{"self":[{"href":"https:\/\/www.grandvriocitydanang.com\/wp-json\/wp\/v2\/pages\/276","targetHints":{"allow":["GET"]}}],"collection":[{"href":"https:\/\/www.grandvriocitydanang.com\/wp-json\/wp\/v2\/pages"}],"about":[{"href":"https:\/\/www.grandvriocitydanang.com\/wp-json\/wp\/v2\/types\/page"}],"author":[{"embeddable":true,"href":"https:\/\/www.grandvriocitydanang.com\/wp-json\/wp\/v2\/users\/1"}],"replies":[{"embeddable":true,"href":"https:\/\/www.grandvriocitydanang.com\/wp-json\/wp\/v2\/comments?post=276"}],"version-history":[{"count":9,"href":"https:\/\/www.grandvriocitydanang.com\/wp-json\/wp\/v2\/pages\/276\/revisions"}],"predecessor-version":[{"id":673,"href":"https:\/\/www.grandvriocitydanang.com\/wp-json\/wp\/v2\/pages\/276\/revisions\/673"}],"up":[{"embeddable":true,"href":"https:\/\/www.grandvriocitydanang.com\/wp-json\/wp\/v2\/pages\/274"}],"wp:attachment":[{"href":"https:\/\/www.grandvriocitydanang.com\/wp-json\/wp\/v2\/media?parent=276"}],"curies":[{"name":"wp","href":"https:\/\/api.w.org\/{rel}","templated":true}]}}