{"id":274,"date":"2019-02-04T11:56:02","date_gmt":"2019-02-04T02:56:02","guid":{"rendered":"https:\/\/grandvriocitydanang.com\/?page_id=274"},"modified":"2019-03-18T14:20:58","modified_gmt":"2019-03-18T05:20:58","slug":"event","status":"publish","type":"page","link":"https:\/\/www.grandvriocitydanang.com\/vi\/event\/","title":{"rendered":"Ph\u00f2ng ti\u1ec7c"},"content":{"rendered":"<div id=\"event\">\r\n  <section class=\"mainimg\">\r\n    <img decoding=\"async\" src=\"https:\/\/grandvriocitydanang.com\/wp-content\/themes\/official\/common\/image\/event\/mainimg.jpg\">\r\n    <h1><span class=\"content\">Ph\u00f2ng ti\u1ec7c<\/span><\/h1>\r\n    <div class=\"descrip\">\r\n      <p>V\u1edbi nh\u1eefng ph\u00f2ng ti\u1ec7c c\u00f3 k\u00edch th\u01b0\u1edbc l\u1edbn nh\u1ecf kh\u00e1c nhau s\u1ebd mang \u0111\u1ebfn cho qu\u00fd kh\u00e1ch nh\u1eefng d\u1ecbch v\u1ee5 chuy\u00ean nghi\u1ec7p t\u1eeb c\u00e1c s\u1ef1 ki\u1ec7n nh\u01b0 party \u00edt ng\u01b0\u1eddi cho \u0111\u1ebfn h\u1ed9i ngh\u1ecb hay ti\u1ec7c c\u01b0\u1edbi<\/p>\r\n    <\/div>\r\n  <\/section>\r\n  <section class=\"menu\">\r\n    <div class=\"menu-content\">\r\n\t    <img decoding=\"async\" src=\"https:\/\/grandvriocitydanang.com\/wp-content\/themes\/official\/common\/image\/event\/menu1.jpg\">\r\n      <div class=\"wrap1080\">\r\n        <div>\r\n          <h2>Ph\u00f2ng h\u1ecdp<\/h2>\r\n          <p>V\u1edbi ph\u00f2ng h\u1ecdp c\u00f3 k\u00edch th\u01b0\u1edbc l\u1edbn nh\u1ecf kh\u00e1c nhau c\u00f3 th\u1ec3 ph\u1ee5c v\u1ee5 cho nhi\u1ec1u \u0111\u1ed1i t\u01b0\u1ee3ng kh\u00e1ch kh\u00e1c nhau t\u1eeb c\u00e1c cu\u1ed9c h\u1ecdp \u00edt ng\u01b0\u1eddi cho \u0111\u1ebfn cu\u1ed9c h\u1ecdp l\u1edbn<\/p>\r\n          <a href=\"detail1\" class=\"detail\">Xem chi ti\u1ebft<\/a>\r\n        <\/div>\r\n      <\/div>\r\n    <\/div>\r\n    <div class=\"menu-content\">\r\n\t    <img decoding=\"async\" src=\"https:\/\/grandvriocitydanang.com\/wp-content\/themes\/official\/common\/image\/event\/menu2.jpg\">\r\n      <div class=\"wrap1080\">\r\n        <div>\r\n          <h2>Ti\u1ec7c c\u01b0\u1edbi<\/h2>\r\n          <p>S\u1ea3nh ti\u1ec7c c\u01b0\u1edbi YURI t\u1ecda l\u1ea1c gi\u1eefa trung t\u00e2m th\u00e0nh ph\u1ed1 \u0110\u00e0 N\u1eb5ng v\u1edbi s\u1ee9c ch\u1ee9a t\u1ed1i \u0111a 550 ng\u01b0\u1eddi c\u00f9ng v\u1edbi t\u00f4ng m\u00e0u tr\u1eafng tinh kh\u00f4i ch\u1ee7 \u0111\u1ea1o s\u1ebd l\u00e0 n\u01a1i m\u1edf ra c\u00e1nh c\u1eeda h\u1ea1nh ph\u00fac cho \u0111\u00f4i uy\u00ean \u01b0\u01a1ng.<\/p>\r\n          <a href=\"detail2\" class=\"detail\">Xem chi ti\u1ebft<\/a>\r\n        <\/div>\r\n      <\/div>\r\n    <\/div>\r\n    <div class=\"menu-content\">\r\n\t    <img decoding=\"async\" src=\"https:\/\/grandvriocitydanang.com\/wp-content\/themes\/official\/common\/image\/event\/menu3.jpg\">\r\n      <div class=\"wrap1080\">\r\n        <div>\r\n          <h2>S\u1ef1 ki\u1ec7n<\/h2>\r\n          <p>C\u00f3 th\u1ec3 \u0111\u00e1p \u1ee9ng nhu c\u1ea7u \u0111a d\u1ea1ng c\u1ee7a kh\u00e1ch h\u00e0ng t\u1eeb ti\u1ec7c v\u1edbi s\u1ed1 l\u01b0\u1ee3ng \u00edt ng\u01b0\u1eddi, hay ti\u1ec7c t\u1ea5t ni\u00ean, t\u00e2n ni\u00ean, cho \u0111\u1ebfn c\u00e1c set m\u00f3n Vi\u1ec7t c\u0169ng nh\u01b0 m\u00f3n Nh\u1eadt.<\/p>\r\n          <a href=\"detail3\" class=\"detail\">Xem chi ti\u1ebft<\/a>\r\n        <\/div>\r\n      <\/div>\r\n    <\/div>\r\n  <\/section>\r\n<\/div>\r\n","protected":false},"excerpt":{"rendered":"<p>Ph\u00f2ng ti\u1ec7c V\u1edbi nh\u1eefng ph\u00f2ng ti\u1ec7c c\u00f3 k\u00edch th\u01b0\u1edbc l\u1edbn nh\u1ecf kh\u00e1c nhau s\u1ebd mang \u0111\u1ebfn cho qu\u00fd kh\u00e1ch nh\u1eefng d\u1ecbch v\u1ee5 chuy\u00ean [&hellip;]<\/p>\n","protected":false},"author":1,"featured_media":0,"parent":0,"menu_order":0,"comment_status":"closed","ping_status":"closed","template":"","meta":{"_locale":"vi","_original_post":"48","footnotes":""},"class_list":["post-274","page","type-page","status-publish","hentry","vi"],"_links":{"self":[{"href":"https:\/\/www.grandvriocitydanang.com\/wp-json\/wp\/v2\/pages\/274","targetHints":{"allow":["GET"]}}],"collection":[{"href":"https:\/\/www.grandvriocitydanang.com\/wp-json\/wp\/v2\/pages"}],"about":[{"href":"https:\/\/www.grandvriocitydanang.com\/wp-json\/wp\/v2\/types\/page"}],"author":[{"embeddable":true,"href":"https:\/\/www.grandvriocitydanang.com\/wp-json\/wp\/v2\/users\/1"}],"replies":[{"embeddable":true,"href":"https:\/\/www.grandvriocitydanang.com\/wp-json\/wp\/v2\/comments?post=274"}],"version-history":[{"count":5,"href":"https:\/\/www.grandvriocitydanang.com\/wp-json\/wp\/v2\/pages\/274\/revisions"}],"predecessor-version":[{"id":622,"href":"https:\/\/www.grandvriocitydanang.com\/wp-json\/wp\/v2\/pages\/274\/revisions\/622"}],"wp:attachment":[{"href":"https:\/\/www.grandvriocitydanang.com\/wp-json\/wp\/v2\/media?parent=274"}],"curies":[{"name":"wp","href":"https:\/\/api.w.org\/{rel}","templated":true}]}}