{"id":262,"date":"2019-02-04T11:26:04","date_gmt":"2019-02-04T02:26:04","guid":{"rendered":"https:\/\/grandvriocitydanang.com\/?page_id=262"},"modified":"2019-03-18T17:29:12","modified_gmt":"2019-03-18T08:29:12","slug":"detail2","status":"publish","type":"page","link":"https:\/\/www.grandvriocitydanang.com\/vi\/restaurant\/detail2\/","title":{"rendered":"Grand Caf\u00e9"},"content":{"rendered":"<div id=\"restaurant\">\r\n  <section class=\"mainimg\">\r\n    <img decoding=\"async\" src=\"https:\/\/grandvriocitydanang.com\/wp-content\/themes\/official\/common\/image\/restaurant\/detail2_mainimg.jpg\">\r\n    <h1><span class=\"content\">Grand Caf\u00e9<\/h1>\r\n    <div class=\"descrip\">\r\n      <p>Grand Caf\u00e9 \u0111\u01b0\u1ee3c trang b\u1ecb b\u1edfi n\u1ed9i th\u1ea5t sang tr\u1ecdng v\u00e0 kh\u00f4ng gian s\u1ea1ch s\u1ebd, y\u00ean t\u0129nh s\u1ebd mang l\u1ea1i cho qu\u00fd kh\u00e1ch c\u1ea3m gi\u00e1c nh\u1eb9 nh\u00e0ng, th\u01b0 gi\u00e3n. H\u01a1n n\u1eefa, caf\u00e9 c\u0169ng t\u1ef1 h\u00e0o mang \u0111\u1ebfn cho qu\u00fd kh\u00e1ch c\u00e1c lo\u1ea1i \u0111\u1ed3 u\u1ed1ng \u0111a d\u1ea1ng ngo\u00e0i caf\u00e9 Vi\u1ec7t Nam truy\u1ec1n th\u1ed1ng c\u0169ng nh\u01b0 caf\u00e9 d\u1eeba \u0111ang \u0111\u01b0\u1ee3c y\u00eau th\u00edch r\u1ed9ng r\u00e3i c\u00f2n c\u00f3 c\u1ea3 b\u00e1nh m\u00ec v\u00e0 c\u1ea3 b\u00e1nh ng\u1ecdt.<\/p>\r\n    <\/div>\r\n  <\/section>\r\n  <section class=\"content\">\r\n    <div class=\"photo\">\r\n      <ul class=\"slider\">\r\n        <li><img decoding=\"async\" width=\"850\" src=\"https:\/\/grandvriocitydanang.com\/wp-content\/themes\/official\/common\/image\/restaurant\/detail2_1.jpg\"><\/li>\r\n        <li><img decoding=\"async\" width=\"850\" src=\"https:\/\/grandvriocitydanang.com\/wp-content\/themes\/official\/common\/image\/restaurant\/detail2_2.jpg\"><\/li>\r\n        <li><img decoding=\"async\" width=\"850\" src=\"https:\/\/grandvriocitydanang.com\/wp-content\/themes\/official\/common\/image\/restaurant\/detail2_3.jpg\"><\/li>\r\n        <li><img decoding=\"async\" width=\"850\" src=\"https:\/\/grandvriocitydanang.com\/wp-content\/themes\/official\/common\/image\/restaurant\/detail2_4.jpg\"><\/li>\r\n        <li><img decoding=\"async\" width=\"850\" src=\"https:\/\/grandvriocitydanang.com\/wp-content\/themes\/official\/common\/image\/restaurant\/detail2_5.jpg\"><\/li>\r\n        <li><img decoding=\"async\" width=\"850\" src=\"https:\/\/grandvriocitydanang.com\/wp-content\/themes\/official\/common\/image\/restaurant\/menu2.jpg\"><\/li>\r\n        <li><img decoding=\"async\" width=\"850\" src=\"https:\/\/grandvriocitydanang.com\/wp-content\/themes\/official\/common\/image\/restaurant\/detail2_7.jpg\"><\/li>\r\n        <li><img decoding=\"async\" width=\"850\" src=\"https:\/\/grandvriocitydanang.com\/wp-content\/themes\/official\/common\/image\/restaurant\/detail2_8.jpg\"><\/li>\r\n        <li><img decoding=\"async\" width=\"850\" src=\"https:\/\/grandvriocitydanang.com\/wp-content\/themes\/official\/common\/image\/restaurant\/detail2_9.jpg\"><\/li>\r\n        <li><img decoding=\"async\" width=\"850\" src=\"https:\/\/grandvriocitydanang.com\/wp-content\/themes\/official\/common\/image\/restaurant\/detail2_10.jpg\"><\/li>\r\n        <li><img decoding=\"async\" width=\"850\" src=\"https:\/\/grandvriocitydanang.com\/wp-content\/themes\/official\/common\/image\/restaurant\/detail2_11.jpg\"><\/li>\r\n        <li><img decoding=\"async\" width=\"850\" src=\"https:\/\/grandvriocitydanang.com\/wp-content\/themes\/official\/common\/image\/restaurant\/detail2_12.jpg\"><\/li>\r\n        <li><img decoding=\"async\" width=\"850\" src=\"https:\/\/grandvriocitydanang.com\/wp-content\/themes\/official\/common\/image\/restaurant\/detail2_13.jpg\"><\/li>\r\n        <li><img decoding=\"async\" width=\"850\" src=\"https:\/\/grandvriocitydanang.com\/wp-content\/themes\/official\/common\/image\/restaurant\/detail2_14.jpg\"><\/li>\r\n        <li><img decoding=\"async\" width=\"850\" src=\"https:\/\/grandvriocitydanang.com\/wp-content\/themes\/official\/common\/image\/restaurant\/detail2_15.jpg\"><\/li>\r\n        <li><img decoding=\"async\" width=\"850\" src=\"https:\/\/grandvriocitydanang.com\/wp-content\/themes\/official\/common\/image\/restaurant\/detail2_16.jpg\"><\/li>\r\n        <li><img decoding=\"async\" width=\"850\" src=\"https:\/\/grandvriocitydanang.com\/wp-content\/themes\/official\/common\/image\/restaurant\/detail2_17.jpg\"><\/li>\r\n        <li><img decoding=\"async\" width=\"850\" src=\"https:\/\/grandvriocitydanang.com\/wp-content\/themes\/official\/common\/image\/restaurant\/detail2_18.jpg\"><\/li>\r\n        <li><img decoding=\"async\" width=\"850\" src=\"https:\/\/grandvriocitydanang.com\/wp-content\/themes\/official\/common\/image\/restaurant\/detail2_19.jpg\"><\/li>\r\n        <li><img decoding=\"async\" width=\"850\" src=\"https:\/\/grandvriocitydanang.com\/wp-content\/themes\/official\/common\/image\/restaurant\/detail2_20.jpg\"><\/li>\r\n        <li><img decoding=\"async\" width=\"850\" src=\"https:\/\/grandvriocitydanang.com\/wp-content\/themes\/official\/common\/image\/restaurant\/detail2_21.jpg\"><\/li>\r\n      <\/ul>\r\n      <ul class=\"slider-nav\">\r\n        <li><img decoding=\"async\" width=\"200\" src=\"https:\/\/grandvriocitydanang.com\/wp-content\/themes\/official\/common\/image\/restaurant\/detail2_1.jpg\"><\/li>\r\n        <li><img decoding=\"async\" width=\"200\" src=\"https:\/\/grandvriocitydanang.com\/wp-content\/themes\/official\/common\/image\/restaurant\/detail2_2.jpg\"><\/li>\r\n        <li><img decoding=\"async\" width=\"200\" src=\"https:\/\/grandvriocitydanang.com\/wp-content\/themes\/official\/common\/image\/restaurant\/detail2_3.jpg\"><\/li>\r\n        <li><img decoding=\"async\" width=\"200\" src=\"https:\/\/grandvriocitydanang.com\/wp-content\/themes\/official\/common\/image\/restaurant\/detail2_4.jpg\"><\/li>    \r\n        <li><img decoding=\"async\" width=\"200\" src=\"https:\/\/grandvriocitydanang.com\/wp-content\/themes\/official\/common\/image\/restaurant\/detail2_5.jpg\"><\/li>\r\n        <li><img decoding=\"async\" width=\"200\" src=\"https:\/\/grandvriocitydanang.com\/wp-content\/themes\/official\/common\/image\/restaurant\/menu2.jpg\"><\/li>\r\n        <li><img decoding=\"async\" width=\"200\" src=\"https:\/\/grandvriocitydanang.com\/wp-content\/themes\/official\/common\/image\/restaurant\/detail2_7.jpg\"><\/li>    \r\n        <li><img decoding=\"async\" width=\"200\" src=\"https:\/\/grandvriocitydanang.com\/wp-content\/themes\/official\/common\/image\/restaurant\/detail2_8.jpg\"><\/li>\r\n        <li><img decoding=\"async\" width=\"200\" src=\"https:\/\/grandvriocitydanang.com\/wp-content\/themes\/official\/common\/image\/restaurant\/detail2_9.jpg\"><\/li>\r\n        <li><img decoding=\"async\" width=\"200\" src=\"https:\/\/grandvriocitydanang.com\/wp-content\/themes\/official\/common\/image\/restaurant\/detail2_10.jpg\"><\/li>    \r\n        <li><img decoding=\"async\" width=\"200\" src=\"https:\/\/grandvriocitydanang.com\/wp-content\/themes\/official\/common\/image\/restaurant\/detail2_11.jpg\"><\/li>\r\n        <li><img decoding=\"async\" width=\"200\" src=\"https:\/\/grandvriocitydanang.com\/wp-content\/themes\/official\/common\/image\/restaurant\/detail2_12.jpg\"><\/li>\r\n        <li><img decoding=\"async\" width=\"200\" src=\"https:\/\/grandvriocitydanang.com\/wp-content\/themes\/official\/common\/image\/restaurant\/detail2_13.jpg\"><\/li>\r\n        <li><img decoding=\"async\" width=\"200\" src=\"https:\/\/grandvriocitydanang.com\/wp-content\/themes\/official\/common\/image\/restaurant\/detail2_14.jpg\"><\/li>\r\n        <li><img decoding=\"async\" width=\"200\" src=\"https:\/\/grandvriocitydanang.com\/wp-content\/themes\/official\/common\/image\/restaurant\/detail2_15.jpg\"><\/li>\r\n        <li><img decoding=\"async\" width=\"200\" src=\"https:\/\/grandvriocitydanang.com\/wp-content\/themes\/official\/common\/image\/restaurant\/detail2_16.jpg\"><\/li>\r\n        <li><img decoding=\"async\" width=\"200\" src=\"https:\/\/grandvriocitydanang.com\/wp-content\/themes\/official\/common\/image\/restaurant\/detail2_17.jpg\"><\/li>\r\n        <li><img decoding=\"async\" width=\"200\" src=\"https:\/\/grandvriocitydanang.com\/wp-content\/themes\/official\/common\/image\/restaurant\/detail2_18.jpg\"><\/li>\r\n        <li><img decoding=\"async\" width=\"200\" src=\"https:\/\/grandvriocitydanang.com\/wp-content\/themes\/official\/common\/image\/restaurant\/detail2_19.jpg\"><\/li>\r\n        <li><img decoding=\"async\" width=\"200\" src=\"https:\/\/grandvriocitydanang.com\/wp-content\/themes\/official\/common\/image\/restaurant\/detail2_20.jpg\"><\/li>\r\n        <li><img decoding=\"async\" width=\"200\" src=\"https:\/\/grandvriocitydanang.com\/wp-content\/themes\/official\/common\/image\/restaurant\/detail2_21.jpg\"><\/li>\r\n      <\/ul>\r\n    <\/div>\r\n    <div class=\"info\">\r\n    <dl>\r\n      <dt>Th\u1eddi gian<\/dt>\r\n      <dd>\r\n        <ul>\r\n          <li>7:00\uff5e21:00<\/li>\r\n        <\/ul>\r\n      <\/dd>\r\n    <\/dl>\r\n    <dl>\r\n      <dt>S\u1ee9c ch\u1ee9a t\u1ed1i \u0111a<\/dt>\r\n      <dd>\r\n        <ul>\r\n          <li>66 ch\u1ed7 ng\u1ed3i<\/li>\r\n        <\/ul>\r\n      <\/dd>\r\n    <\/dl>\r\n    <\/div>\r\n  <\/section>\r\n  <section class=\"other\">\r\n    <ul>\r\n      <li><a href=\"..\/detail1\">Hanatei<\/a><\/li>\r\n      <li><a href=\"..\/detail2\">Grand Caf\u00e9<\/a><\/li>\r\n    <\/ul>\r\n  <\/section>\r\n<\/div>\r\n","protected":false},"excerpt":{"rendered":"<p>Grand Caf\u00e9 Grand Caf\u00e9 \u0111\u01b0\u1ee3c trang b\u1ecb b\u1edfi n\u1ed9i th\u1ea5t sang tr\u1ecdng v\u00e0 kh\u00f4ng gian s\u1ea1ch s\u1ebd, y\u00ean t\u0129nh s\u1ebd mang l\u1ea1i cho qu [&hellip;]<\/p>\n","protected":false},"author":1,"featured_media":0,"parent":254,"menu_order":0,"comment_status":"closed","ping_status":"closed","template":"","meta":{"_locale":"vi","_original_post":"39","footnotes":""},"class_list":["post-262","page","type-page","status-publish","hentry","vi"],"_links":{"self":[{"href":"https:\/\/www.grandvriocitydanang.com\/wp-json\/wp\/v2\/pages\/262","targetHints":{"allow":["GET"]}}],"collection":[{"href":"https:\/\/www.grandvriocitydanang.com\/wp-json\/wp\/v2\/pages"}],"about":[{"href":"https:\/\/www.grandvriocitydanang.com\/wp-json\/wp\/v2\/types\/page"}],"author":[{"embeddable":true,"href":"https:\/\/www.grandvriocitydanang.com\/wp-json\/wp\/v2\/users\/1"}],"replies":[{"embeddable":true,"href":"https:\/\/www.grandvriocitydanang.com\/wp-json\/wp\/v2\/comments?post=262"}],"version-history":[{"count":5,"href":"https:\/\/www.grandvriocitydanang.com\/wp-json\/wp\/v2\/pages\/262\/revisions"}],"predecessor-version":[{"id":662,"href":"https:\/\/www.grandvriocitydanang.com\/wp-json\/wp\/v2\/pages\/262\/revisions\/662"}],"up":[{"embeddable":true,"href":"https:\/\/www.grandvriocitydanang.com\/wp-json\/wp\/v2\/pages\/254"}],"wp:attachment":[{"href":"https:\/\/www.grandvriocitydanang.com\/wp-json\/wp\/v2\/media?parent=262"}],"curies":[{"name":"wp","href":"https:\/\/api.w.org\/{rel}","templated":true}]}}