{"id":258,"date":"2019-02-04T11:19:06","date_gmt":"2019-02-04T02:19:06","guid":{"rendered":"https:\/\/grandvriocitydanang.com\/?page_id=258"},"modified":"2019-12-17T17:31:41","modified_gmt":"2019-12-17T08:31:41","slug":"detail1","status":"publish","type":"page","link":"https:\/\/www.grandvriocitydanang.com\/vi\/restaurant\/detail1\/","title":{"rendered":"Hanatei"},"content":{"rendered":"<div id=\"restaurant\">\r\n  <section class=\"mainimg\">\r\n    <img decoding=\"async\" src=\"https:\/\/grandvriocitydanang.com\/wp-content\/themes\/official\/common\/image\/restaurant\/detail1_mainimg.jpg\">\r\n    <h1><span class=\"content\">Hanatei<\/span><\/h1>\r\n    <div class=\"descrip\">\r\n      <p>Nh\u00e0 h\u00e0ng Hanatei BBQ Nh\u1eadt B\u1ea3n t\u1ea7ng 1 kh\u00e1ch s\u1ea1n Grandvrio City \u0110\u00e0 N\u1eb5ng v\u1edbi n\u1ed9i th\u1ea5t mang \u0111\u1eadm n\u00e9t nh\u1eb9 nh\u00e0ng c\u1ee7a v\u0103n h\u00f3a Nh\u1eadt B\u1ea3n, ph\u1ee5c v\u1ee5 buffet th\u1ecbt n\u01b0\u1edbng v\u00e0 c\u1ea3 menu alacarte c\u00f3 th\u1ec3 \u0111\u00e1p \u1ee9ng nhu c\u1ea7u \u0111a d\u1ea1ng c\u1ee7a th\u1ef1c kh\u00e1ch. Ngo\u00e0i ra, nh\u00e0 h\u00e0ng c\u00f2n c\u00f3 th\u1ec3 chu\u1ea9n b\u1ecb c\u1ea3 ph\u00f2ng VIP ph\u1ee5c v\u1ee5 cho t\u1ea5t c\u1ea3 kh\u00e1ch h\u00e0ng t\u1eeb kh\u00e1ch l\u1ebb cho \u0111\u1ebfn kh\u00e1ch \u0111o\u00e0n c\u0169ng nh\u01b0 \u0111\u00e1p \u1ee9ng nh\u1eefng nhu c\u1ea7u \u0111a d\u1ea1ng kh\u00e1c.<\/p>\r\n    <\/div>\r\n  <\/section>\r\n  <section class=\"content\">\r\n    <div class=\"photo\">\r\n      <ul class=\"slider\">\r\n        <li><img decoding=\"async\" width=\"850\" src=\"https:\/\/grandvriocitydanang.com\/wp-content\/themes\/official\/common\/image\/restaurant\/menu1.jpg\"><\/li>\r\n        <li><img decoding=\"async\" width=\"850\" src=\"https:\/\/grandvriocitydanang.com\/wp-content\/themes\/official\/common\/image\/restaurant\/detail1_2.jpg\"><\/li>\r\n        <li><img decoding=\"async\" width=\"850\" src=\"https:\/\/grandvriocitydanang.com\/wp-content\/themes\/official\/common\/image\/restaurant\/detail1_3.jpg\"><\/li>\r\n        <li><img decoding=\"async\" width=\"850\" src=\"https:\/\/grandvriocitydanang.com\/wp-content\/themes\/official\/common\/image\/restaurant\/detail1_4.jpg\"><\/li>\r\n        <li><img decoding=\"async\" width=\"850\" src=\"https:\/\/grandvriocitydanang.com\/wp-content\/themes\/official\/common\/image\/restaurant\/detail1_5.jpg\"><\/li>\r\n        <li><img decoding=\"async\" width=\"850\" src=\"https:\/\/grandvriocitydanang.com\/wp-content\/themes\/official\/common\/image\/restaurant\/detail1_6.jpg\"><\/li>\r\n        <li><img decoding=\"async\" width=\"850\" src=\"https:\/\/grandvriocitydanang.com\/wp-content\/themes\/official\/common\/image\/restaurant\/detail1_7.jpg\"><\/li>\r\n        <li><img decoding=\"async\" width=\"850\" src=\"https:\/\/grandvriocitydanang.com\/wp-content\/themes\/official\/common\/image\/restaurant\/detail1_8.jpg\"><\/li>\r\n        <li><img decoding=\"async\" width=\"850\" src=\"https:\/\/grandvriocitydanang.com\/wp-content\/themes\/official\/common\/image\/restaurant\/detail1_9.jpg\"><\/li>\r\n        <li><img decoding=\"async\" width=\"850\" src=\"https:\/\/grandvriocitydanang.com\/wp-content\/themes\/official\/common\/image\/restaurant\/detail1_10.jpg\"><\/li>\r\n        <li><img decoding=\"async\" width=\"850\" src=\"https:\/\/grandvriocitydanang.com\/wp-content\/themes\/official\/common\/image\/restaurant\/detail1_11.jpg\"><\/li>\r\n        <li><img decoding=\"async\" width=\"850\" src=\"https:\/\/grandvriocitydanang.com\/wp-content\/themes\/official\/common\/image\/restaurant\/detail1_12.jpg\"><\/li>\r\n        <li><img decoding=\"async\" width=\"850\" src=\"https:\/\/grandvriocitydanang.com\/wp-content\/themes\/official\/common\/image\/restaurant\/detail1_13.jpg\"><\/li>\r\n        <li><img decoding=\"async\" width=\"850\" src=\"https:\/\/grandvriocitydanang.com\/wp-content\/themes\/official\/common\/image\/restaurant\/detail1_14.jpg\"><\/li>\r\n        <li><img decoding=\"async\" width=\"850\" src=\"https:\/\/grandvriocitydanang.com\/wp-content\/themes\/official\/common\/image\/restaurant\/detail1_15.jpg\"><\/li>\r\n        <li><img decoding=\"async\" width=\"850\" src=\"https:\/\/grandvriocitydanang.com\/wp-content\/themes\/official\/common\/image\/restaurant\/detail1_16.jpg\"><\/li>\r\n        <li><img decoding=\"async\" width=\"850\" src=\"https:\/\/grandvriocitydanang.com\/wp-content\/themes\/official\/common\/image\/restaurant\/detail1_17.jpg\"><\/li>\r\n        <li><img decoding=\"async\" width=\"850\" src=\"https:\/\/grandvriocitydanang.com\/wp-content\/themes\/official\/common\/image\/restaurant\/detail1_18.jpg\"><\/li>\r\n        <li><img decoding=\"async\" width=\"850\" src=\"https:\/\/grandvriocitydanang.com\/wp-content\/themes\/official\/common\/image\/restaurant\/detail1_19.jpg\"><\/li>\r\n        <li><img decoding=\"async\" width=\"850\" src=\"https:\/\/grandvriocitydanang.com\/wp-content\/themes\/official\/common\/image\/restaurant\/detail1_20.jpg\"><\/li>\r\n        <li><img decoding=\"async\" width=\"850\" src=\"https:\/\/grandvriocitydanang.com\/wp-content\/themes\/official\/common\/image\/restaurant\/detail1_21.jpg\"><\/li>\r\n        <li><img decoding=\"async\" width=\"850\" src=\"https:\/\/grandvriocitydanang.com\/wp-content\/themes\/official\/common\/image\/restaurant\/detail1_22.jpg\"><\/li>\r\n        <li><img decoding=\"async\" width=\"850\" src=\"https:\/\/grandvriocitydanang.com\/wp-content\/themes\/official\/common\/image\/restaurant\/detail1_23.jpg\"><\/li>\r\n        <li><img decoding=\"async\" width=\"850\" src=\"https:\/\/grandvriocitydanang.com\/wp-content\/themes\/official\/common\/image\/restaurant\/detail1_24.jpg\"><\/li>\r\n        <li><img decoding=\"async\" width=\"850\" src=\"https:\/\/grandvriocitydanang.com\/wp-content\/themes\/official\/common\/image\/restaurant\/detail1_25.jpg\"><\/li>\r\n        <li><img decoding=\"async\" width=\"850\" src=\"https:\/\/grandvriocitydanang.com\/wp-content\/themes\/official\/common\/image\/restaurant\/detail1_26.jpg\"><\/li>\r\n      <\/ul>\r\n      <ul class=\"slider-nav\">\r\n        <li><img decoding=\"async\" width=\"200\" src=\"https:\/\/grandvriocitydanang.com\/wp-content\/themes\/official\/common\/image\/restaurant\/menu1.jpg\"><\/li>\r\n        <li><img decoding=\"async\" width=\"200\" src=\"https:\/\/grandvriocitydanang.com\/wp-content\/themes\/official\/common\/image\/restaurant\/detail1_2.jpg\"><\/li>\r\n        <li><img decoding=\"async\" width=\"200\" src=\"https:\/\/grandvriocitydanang.com\/wp-content\/themes\/official\/common\/image\/restaurant\/detail1_3.jpg\"><\/li>\r\n        <li><img decoding=\"async\" width=\"200\" src=\"https:\/\/grandvriocitydanang.com\/wp-content\/themes\/official\/common\/image\/restaurant\/detail1_4.jpg\"><\/li>    \r\n        <li><img decoding=\"async\" width=\"200\" src=\"https:\/\/grandvriocitydanang.com\/wp-content\/themes\/official\/common\/image\/restaurant\/detail1_5.jpg\"><\/li>\r\n        <li><img decoding=\"async\" width=\"200\" src=\"https:\/\/grandvriocitydanang.com\/wp-content\/themes\/official\/common\/image\/restaurant\/detail1_6.jpg\"><\/li>\r\n        <li><img decoding=\"async\" width=\"200\" src=\"https:\/\/grandvriocitydanang.com\/wp-content\/themes\/official\/common\/image\/restaurant\/detail1_7.jpg\"><\/li>    \r\n        <li><img decoding=\"async\" width=\"200\" src=\"https:\/\/grandvriocitydanang.com\/wp-content\/themes\/official\/common\/image\/restaurant\/detail1_8.jpg\"><\/li>\r\n        <li><img decoding=\"async\" width=\"200\" src=\"https:\/\/grandvriocitydanang.com\/wp-content\/themes\/official\/common\/image\/restaurant\/detail1_9.jpg\"><\/li>\r\n        <li><img decoding=\"async\" width=\"200\" src=\"https:\/\/grandvriocitydanang.com\/wp-content\/themes\/official\/common\/image\/restaurant\/detail1_10.jpg\"><\/li>    \r\n        <li><img decoding=\"async\" width=\"200\" src=\"https:\/\/grandvriocitydanang.com\/wp-content\/themes\/official\/common\/image\/restaurant\/detail1_11.jpg\"><\/li>\r\n        <li><img decoding=\"async\" width=\"200\" src=\"https:\/\/grandvriocitydanang.com\/wp-content\/themes\/official\/common\/image\/restaurant\/detail1_12.jpg\"><\/li>\r\n        <li><img decoding=\"async\" width=\"200\" src=\"https:\/\/grandvriocitydanang.com\/wp-content\/themes\/official\/common\/image\/restaurant\/detail1_13.jpg\"><\/li>\r\n        <li><img decoding=\"async\" width=\"200\" src=\"https:\/\/grandvriocitydanang.com\/wp-content\/themes\/official\/common\/image\/restaurant\/detail1_14.jpg\"><\/li>\r\n        <li><img decoding=\"async\" width=\"200\" src=\"https:\/\/grandvriocitydanang.com\/wp-content\/themes\/official\/common\/image\/restaurant\/detail1_15.jpg\"><\/li>\r\n        <li><img decoding=\"async\" width=\"200\" src=\"https:\/\/grandvriocitydanang.com\/wp-content\/themes\/official\/common\/image\/restaurant\/detail1_16.jpg\"><\/li>\r\n        <li><img decoding=\"async\" width=\"200\" src=\"https:\/\/grandvriocitydanang.com\/wp-content\/themes\/official\/common\/image\/restaurant\/detail1_17.jpg\"><\/li>\r\n        <li><img decoding=\"async\" width=\"200\" src=\"https:\/\/grandvriocitydanang.com\/wp-content\/themes\/official\/common\/image\/restaurant\/detail1_18.jpg\"><\/li>\r\n        <li><img decoding=\"async\" width=\"200\" src=\"https:\/\/grandvriocitydanang.com\/wp-content\/themes\/official\/common\/image\/restaurant\/detail1_19.jpg\"><\/li>\r\n        <li><img decoding=\"async\" width=\"200\" src=\"https:\/\/grandvriocitydanang.com\/wp-content\/themes\/official\/common\/image\/restaurant\/detail1_20.jpg\"><\/li>\r\n        <li><img decoding=\"async\" width=\"200\" src=\"https:\/\/grandvriocitydanang.com\/wp-content\/themes\/official\/common\/image\/restaurant\/detail1_21.jpg\"><\/li>\r\n        <li><img decoding=\"async\" width=\"200\" src=\"https:\/\/grandvriocitydanang.com\/wp-content\/themes\/official\/common\/image\/restaurant\/detail1_22.jpg\"><\/li>\r\n        <li><img decoding=\"async\" width=\"200\" src=\"https:\/\/grandvriocitydanang.com\/wp-content\/themes\/official\/common\/image\/restaurant\/detail1_23.jpg\"><\/li>\r\n        <li><img decoding=\"async\" width=\"200\" src=\"https:\/\/grandvriocitydanang.com\/wp-content\/themes\/official\/common\/image\/restaurant\/detail1_24.jpg\"><\/li>\r\n        <li><img decoding=\"async\" width=\"200\" src=\"https:\/\/grandvriocitydanang.com\/wp-content\/themes\/official\/common\/image\/restaurant\/detail1_25.jpg\"><\/li>\r\n        <li><img decoding=\"async\" width=\"200\" src=\"https:\/\/grandvriocitydanang.com\/wp-content\/themes\/official\/common\/image\/restaurant\/detail1_26.jpg\"><\/li>\r\n      <\/ul>\r\n    <\/div>\r\n    <div class=\"info\">\r\n    <dl>\r\n      <dt>Th\u1eddi gian<\/dt>\r\n      <dd>\r\n        <ul>\r\n          <li>11:00\uff5e21:30 L.O.<br>\uff08\u0102n tr\u01b0a 11:00\uff5e14:00\uff09<\/li>\r\n        <\/ul>\r\n      <\/dd>\r\n    <\/dl>\r\n    <dl>\r\n      <dt>S\u1ee9c ch\u1ee9a t\u1ed1i \u0111a<\/dt>\r\n      <dd>\r\n        <ul>\r\n          <li>100 ch\u1ed7 ng\u1ed3i<\/li>\r\n        <\/ul>\r\n      <\/dd>\r\n    <\/dl>\r\n    <\/div>\r\n  <\/section>\r\n  <section class=\"other\">\r\n    <ul>\r\n      <li><a href=\"..\/detail1\">Hanatei<\/a><\/li>\r\n      <li><a href=\"..\/detail2\">Grand Caf\u00e9<\/a><\/li>\r\n    <\/ul>\r\n  <\/section>\r\n<\/div>\r\n","protected":false},"excerpt":{"rendered":"<p>Hanatei Nh\u00e0 h\u00e0ng Hanatei BBQ Nh\u1eadt B\u1ea3n t\u1ea7ng 1 kh\u00e1ch s\u1ea1n Grandvrio City \u0110\u00e0 N\u1eb5ng v\u1edbi n\u1ed9i th\u1ea5t mang \u0111\u1eadm n\u00e9t nh\u1eb9 nh [&hellip;]<\/p>\n","protected":false},"author":1,"featured_media":0,"parent":254,"menu_order":0,"comment_status":"closed","ping_status":"closed","template":"","meta":{"_locale":"vi","_original_post":"36","footnotes":""},"class_list":["post-258","page","type-page","status-publish","hentry","vi"],"_links":{"self":[{"href":"https:\/\/www.grandvriocitydanang.com\/wp-json\/wp\/v2\/pages\/258","targetHints":{"allow":["GET"]}}],"collection":[{"href":"https:\/\/www.grandvriocitydanang.com\/wp-json\/wp\/v2\/pages"}],"about":[{"href":"https:\/\/www.grandvriocitydanang.com\/wp-json\/wp\/v2\/types\/page"}],"author":[{"embeddable":true,"href":"https:\/\/www.grandvriocitydanang.com\/wp-json\/wp\/v2\/users\/1"}],"replies":[{"embeddable":true,"href":"https:\/\/www.grandvriocitydanang.com\/wp-json\/wp\/v2\/comments?post=258"}],"version-history":[{"count":10,"href":"https:\/\/www.grandvriocitydanang.com\/wp-json\/wp\/v2\/pages\/258\/revisions"}],"predecessor-version":[{"id":872,"href":"https:\/\/www.grandvriocitydanang.com\/wp-json\/wp\/v2\/pages\/258\/revisions\/872"}],"up":[{"embeddable":true,"href":"https:\/\/www.grandvriocitydanang.com\/wp-json\/wp\/v2\/pages\/254"}],"wp:attachment":[{"href":"https:\/\/www.grandvriocitydanang.com\/wp-json\/wp\/v2\/media?parent=258"}],"curies":[{"name":"wp","href":"https:\/\/api.w.org\/{rel}","templated":true}]}}