{"id":254,"date":"2019-02-04T11:01:34","date_gmt":"2019-02-04T02:01:34","guid":{"rendered":"https:\/\/grandvriocitydanang.com\/?page_id=254"},"modified":"2022-10-04T17:43:45","modified_gmt":"2022-10-04T17:43:45","slug":"restaurant","status":"publish","type":"page","link":"https:\/\/www.grandvriocitydanang.com\/vi\/restaurant\/","title":{"rendered":"Nh\u00e0 h\u00e0ng&#038;bar"},"content":{"rendered":"<div id=\"restaurant\">\r\n  <section class=\"mainimg\">\r\n    <img decoding=\"async\" src=\"https:\/\/grandvriocitydanang.com\/wp-content\/themes\/official\/common\/image\/restaurant\/mainimg.jpg\">\r\n    <h1><span class=\"content\">Nh\u00e0 h\u00e0ng&#038;bar<\/span><\/h1>\r\n    <div class=\"descrip\">\r\n      <p>Th\u1ecfa th\u00edch t\u1eadn h\u01b0\u1edfng s\u1ef1 tinh t\u1ebf trong t\u1eebng m\u00f3n \u0103n truy\u1ec1n th\u1ed1ng Nh\u1eadt B\u1ea3n ngay t\u1ea1i nh\u00e0 h\u00e0ng Hanatei c\u1ee7a kh\u00e1ch s\u1ea1n Grandvrio City \u0110\u00e0 N\u1eb5ng v\u00e0  th\u01b0\u1edfng th\u1ee9c c\u00e1c lo\u1ea1i \u0111\u1ed3 u\u1ed1ng v\u00f4 c\u00f9ng \u0111\u1ed9c \u0111\u00e1o t\u1ea1i Grand C\u00e0 Ph\u00ea.<\/p>\r\n    <\/div>\r\n  <\/section>\r\n  <section class=\"menu\">\r\n    <div class=\"menu-content\">\r\n\t    <img decoding=\"async\" src=\"https:\/\/grandvriocitydanang.com\/wp-content\/themes\/official\/common\/image\/restaurant\/menu1.jpg\">\r\n      <div class=\"wrap1080\">\r\n        <div>\r\n          <h2>Hanatei<\/h2>\r\n          <p>Nh\u00e0 h\u00e0ng Hanatei BBQ Nh\u1eadt B\u1ea3n t\u1ea7ng 1 kh\u00e1ch s\u1ea1n Grandvrio City \u0110\u00e0 N\u1eb5ng v\u1edbi n\u1ed9i th\u1ea5t mang \u0111\u1eadm n\u00e9t nh\u1eb9 nh\u00e0ng c\u1ee7a v\u0103n h\u00f3a Nh\u1eadt B\u1ea3n, ph\u1ee5c v\u1ee5 buffet th\u1ecbt n\u01b0\u1edbng v\u00e0 c\u1ea3 menu alacarte c\u00f3 th\u1ec3 \u0111\u00e1p \u1ee9ng nhu c\u1ea7u \u0111a d\u1ea1ng c\u1ee7a th\u1ef1c kh\u00e1ch. Ngo\u00e0i ra, nh\u00e0 h\u00e0ng c\u00f2n c\u00f3 th\u1ec3 chu\u1ea9n b\u1ecb c\u1ea3 ph\u00f2ng VIP ph\u1ee5c v\u1ee5 cho t\u1ea5t c\u1ea3 kh\u00e1ch h\u00e0ng t\u1eeb kh\u00e1ch l\u1ebb cho \u0111\u1ebfn kh\u00e1ch \u0111o\u00e0n c\u0169ng nh\u01b0 \u0111\u00e1p \u1ee9ng nh\u1eefng nhu c\u1ea7u \u0111a d\u1ea1ng kh\u00e1c.<br>Th\u1eddi gian\uff1a11:00\uff5e21:30 L.O.\uff08\u0102n tr\u01b0a 11:00\uff5e14:00\uff09<\/p>\r\n          <a href=\"detail1\" class=\"detail\">Xem chi ti\u1ebft<\/a>\r\n        <\/div>\r\n      <\/div>\r\n    <\/div>\r\n    <div class=\"menu-content\">\r\n\t    <img decoding=\"async\" src=\"https:\/\/grandvriocitydanang.com\/wp-content\/themes\/official\/common\/image\/restaurant\/menu2.jpg\">\r\n      <div class=\"wrap1080\">\r\n        <div>\r\n          <h2>Grand Caf\u00e9<\/h2>\r\n          <p>Grand Caf\u00e9 \u0111\u01b0\u1ee3c trang b\u1ecb b\u1edfi n\u1ed9i th\u1ea5t sang tr\u1ecdng v\u00e0 kh\u00f4ng gian s\u1ea1ch s\u1ebd, y\u00ean t\u0129nh s\u1ebd mang l\u1ea1i cho qu\u00fd kh\u00e1ch c\u1ea3m gi\u00e1c nh\u1eb9 nh\u00e0ng, th\u01b0 gi\u00e3n. H\u01a1n n\u1eefa, caf\u00e9 c\u0169ng t\u1ef1 h\u00e0o mang \u0111\u1ebfn cho qu\u00fd kh\u00e1ch c\u00e1c lo\u1ea1i \u0111\u1ed3 u\u1ed1ng \u0111a d\u1ea1ng ngo\u00e0i caf\u00e9 Vi\u1ec7t Nam truy\u1ec1n th\u1ed1ng c\u0169ng nh\u01b0 caf\u00e9 d\u1eeba \u0111ang \u0111\u01b0\u1ee3c y\u00eau th\u00edch r\u1ed9ng r\u00e3i c\u00f2n c\u00f3 c\u1ea3 b\u00e1nh m\u00ec v\u00e0 c\u1ea3 b\u00e1nh ng\u1ecdt.<br>Th\u1eddi gian\uff1a7:00\uff5e21:00<\/p>\r\n          <a href=\"detail2\" class=\"detail\">Xem chi ti\u1ebft<\/a>\r\n        <\/div>\r\n      <\/div>\r\n    <\/div>\r\n    <div class=\"menu-content\">\r\n\t    <img decoding=\"async\" src=\"https:\/\/grandvriocitydanang.com\/wp-content\/themes\/official\/common\/image\/restaurant\/menu3.jpg\">\r\n      <div class=\"wrap1080\">\r\n        <div>\r\n          <h2>Pool Side Bar<\/h2>\r\n          <p>Pool Side Bar n\u1eb1m trong khu\u00f4n vi\u00ean kh\u00e1ch s\u1ea1n l\u00e0 m\u1ed9t kh\u00f4ng gian ri\u00eang t\u01b0 \u0111\u01b0\u1ee3c bao b\u1ecdc b\u1edfi c\u00e2y xanh v\u00e0 l\u00e0 n\u01a1i qu\u00fd kh\u00e1ch c\u00f3 th\u1ec3 t\u1eadn h\u01b0\u1edfng nhi\u1ec1u lo\u1ea1i \u0111\u1ed3 u\u1ed1ng c\u00f9ng nh\u1eefng m\u00f3n \u0103n \u0111a d\u1ea1ng.<br>Th\u1eddi gian\uff1a8:00\uff5e20:00<\/p>\r\n        <\/div>\r\n      <\/div>\r\n    <\/div>\r\n    <div class=\"menu-content\">\r\n\t    <img decoding=\"async\" src=\"https:\/\/grandvriocitydanang.com\/wp-content\/themes\/official\/common\/image\/restaurant\/menu4.jpg\">\r\n      <div class=\"wrap1080\">\r\n        <div>\r\n          <h2>Nh\u00e0 h\u00e0ng \u0103n s\u00e1ng ASAGAO<\/h2>\r\n          <p>ASAGAO l\u00e0 nh\u00e0 h\u00e0ng n\u1eb1m \u1edf t\u1ea7ng 2 khu A c\u00f3 kh\u00f4ng gian d\u1ec5 ch\u1ecbu v\u00ec \u0111\u00f3n \u0111\u01b0\u1ee3c nhi\u1ec1u \u00e1nh s\u00e1ng chi\u1ebfu v\u00e0o t\u1eeb ph\u00eda c\u1eeda s\u1ed5 l\u1edbn, ph\u1ee5c v\u1ee5 b\u1eefa \u0103n s\u00e1ng buffet &#8211; m\u1ed9t ph\u1ea7n kh\u00f4ng th\u1ec3 thi\u1ebfu khi m\u1ed9t ng\u00e0y m\u1edbi b\u1eaft \u0111\u1ea7u.<br>Th\u1eddi gian\uff1a6:30\uff5e10:00<\/p>\r\n        <\/div>\r\n      <\/div>\r\n    <\/div>\r\n    <div class=\"menu-content\">\r\n\t    <img decoding=\"async\" src=\"https:\/\/grandvriocitydanang.com\/wp-content\/themes\/official\/common\/image\/restaurant\/menu5.jpg\">\r\n      <div class=\"wrap1080\">\r\n        <div>\r\n          <h2>Room Service<\/h2>\r\n          <p>N\u1ebfu qu\u00fd kh\u00e1ch mu\u1ed1n ngh\u1ec9 ng\u01a1i t\u1ea1i ph\u00f2ng th\u00ec room service l\u00e0 s\u1ef1 l\u1ef1a ch\u1ecdn t\u1ed1t nh\u1ea5t. Menu v\u1edbi nhi\u1ec1u lo\u1ea1i m\u00f3n \u0103n t\u1eeb m\u00f3n ph\u1edf r\u1ea5t \u0111\u01b0\u1ee3c y\u00eau th\u00edch cho \u0111\u1ebfn Hamburger v\u00e0 c\u1ea3 tr\u00e1ng mi\u1ec7ng s\u1ebd \u0111\u01b0\u1ee3c ph\u1ee5c v\u1ee5 t\u1eadn ph\u00f2ng.<br><\/p>\r\n        <\/div>\r\n      <\/div>\r\n    <\/div>\r\n  <\/section>\r\n<\/div>\r\n","protected":false},"excerpt":{"rendered":"<p>Nh\u00e0 h\u00e0ng&#038;bar Th\u1ecfa th\u00edch t\u1eadn h\u01b0\u1edfng s\u1ef1 tinh t\u1ebf trong t\u1eebng m\u00f3n \u0103n truy\u1ec1n th\u1ed1ng Nh\u1eadt B\u1ea3n ngay t\u1ea1i nh\u00e0 h\u00e0ng Ha [&hellip;]<\/p>\n","protected":false},"author":1,"featured_media":0,"parent":0,"menu_order":0,"comment_status":"closed","ping_status":"closed","template":"","meta":{"_locale":"vi","_original_post":"33","footnotes":""},"class_list":["post-254","page","type-page","status-publish","hentry","vi"],"_links":{"self":[{"href":"https:\/\/www.grandvriocitydanang.com\/wp-json\/wp\/v2\/pages\/254","targetHints":{"allow":["GET"]}}],"collection":[{"href":"https:\/\/www.grandvriocitydanang.com\/wp-json\/wp\/v2\/pages"}],"about":[{"href":"https:\/\/www.grandvriocitydanang.com\/wp-json\/wp\/v2\/types\/page"}],"author":[{"embeddable":true,"href":"https:\/\/www.grandvriocitydanang.com\/wp-json\/wp\/v2\/users\/1"}],"replies":[{"embeddable":true,"href":"https:\/\/www.grandvriocitydanang.com\/wp-json\/wp\/v2\/comments?post=254"}],"version-history":[{"count":11,"href":"https:\/\/www.grandvriocitydanang.com\/wp-json\/wp\/v2\/pages\/254\/revisions"}],"predecessor-version":[{"id":1037,"href":"https:\/\/www.grandvriocitydanang.com\/wp-json\/wp\/v2\/pages\/254\/revisions\/1037"}],"wp:attachment":[{"href":"https:\/\/www.grandvriocitydanang.com\/wp-json\/wp\/v2\/media?parent=254"}],"curies":[{"name":"wp","href":"https:\/\/api.w.org\/{rel}","templated":true}]}}