{"id":246,"date":"2019-02-04T10:46:52","date_gmt":"2019-02-04T10:46:52","guid":{"rendered":"https:\/\/grandvriocitydanang.com\/?page_id=246"},"modified":"2022-10-04T18:23:25","modified_gmt":"2022-10-04T18:23:25","slug":"detail3","status":"publish","type":"page","link":"https:\/\/www.grandvriocitydanang.com\/vi\/room\/detail3\/","title":{"rendered":"Superior"},"content":{"rendered":"<div id=\"room\">\r\n  <section class=\"mainimg\">\r\n    <img decoding=\"async\" src=\"https:\/\/grandvriocitydanang.com\/wp-content\/themes\/official\/common\/image\/room\/detail3_mainimg.jpg\">\r\n    <h1><span class=\"content\">Superior<\/span><\/h1>\r\n    <div class=\"descrip\">\r\n      <p>\r\n        <span class=\"size long\"><span>Lo\u1ea1i gi\u01b0\u1eddng<\/span><br><span>1 gi\u01b0\u1eddng c\u1ee1 l\u1edbn ho\u1eb7c 2 gi\u01b0\u1eddng \u0111\u01a1n<\/span><\/span>\r\n        <span class=\"size\"><span>Di\u1ec7n t\u00edch<\/span><br><span>25\u33a1 &#8211; 30\u33a1<\/span><\/span>\r\n      <\/p>\r\n      <p class=\"long\">V\u1edbi kh\u00f4ng gian r\u1ed9ng v\u1eeba ph\u1ea3i v\u00e0 y\u00ean t\u0129nh, V\u1edbi kh\u00e1ch n\u00e0o \u0111ang t\u1eadn h\u01b0\u1edfng chuy\u1ebfn du l\u1ecbch ph\u00f2ng Superior \u0111em l\u1ea1i cho qu\u00fd kh\u00e1ch n\u00e0o \u0111i du l\u1ecbch ho\u1eb7c c\u00f4ng t\u00e1c c\u00f3 c\u1ea3m gi\u00e1c nh\u01b0 \u0111ang \u1edf ch\u00ednh trong c\u0103n nh\u00e0 c\u1ee7a m\u00ecnh<\/p>\r\n    <\/div>\r\n  <\/section>\r\n  <section class=\"content\">\r\n    <div class=\"photo\">\r\n      <ul class=\"slider\">\r\n        <li><img decoding=\"async\" width=\"850\" src=\"https:\/\/grandvriocitydanang.com\/wp-content\/themes\/official\/common\/image\/room\/menu3.jpg\"><\/li>\r\n        <li><img decoding=\"async\" width=\"850\" src=\"https:\/\/grandvriocitydanang.com\/wp-content\/themes\/official\/common\/image\/room\/detail3_2.jpg\"><\/li>\r\n        <li><img decoding=\"async\" width=\"850\" src=\"https:\/\/grandvriocitydanang.com\/wp-content\/themes\/official\/common\/image\/room\/detail3_3.jpg\"><\/li>\r\n        <li><img decoding=\"async\" width=\"850\" src=\"https:\/\/grandvriocitydanang.com\/wp-content\/themes\/official\/common\/image\/room\/detail3_4.jpg\"><\/li>\r\n        <li><img decoding=\"async\" width=\"850\" src=\"https:\/\/grandvriocitydanang.com\/wp-content\/themes\/official\/common\/image\/room\/detail3_5.jpg\"><\/li>\r\n        <li><img decoding=\"async\" width=\"850\" src=\"https:\/\/grandvriocitydanang.com\/wp-content\/themes\/official\/common\/image\/room\/detail3_6.jpg\"><\/li>\r\n        <li><img decoding=\"async\" width=\"850\" src=\"https:\/\/grandvriocitydanang.com\/wp-content\/themes\/official\/common\/image\/room\/detail3_7.jpg\"><\/li>\r\n      <\/ul>\r\n      <ul class=\"slider-nav\">\r\n        <li><img decoding=\"async\" width=\"200\" src=\"https:\/\/grandvriocitydanang.com\/wp-content\/themes\/official\/common\/image\/room\/menu3.jpg\"><\/li>\r\n        <li><img decoding=\"async\" width=\"200\" src=\"https:\/\/grandvriocitydanang.com\/wp-content\/themes\/official\/common\/image\/room\/detail3_2.jpg\"><\/li>\r\n        <li><img decoding=\"async\" width=\"200\" src=\"https:\/\/grandvriocitydanang.com\/wp-content\/themes\/official\/common\/image\/room\/detail3_3.jpg\"><\/li>\r\n        <li><img decoding=\"async\" width=\"200\" src=\"https:\/\/grandvriocitydanang.com\/wp-content\/themes\/official\/common\/image\/room\/detail3_4.jpg\"><\/li>    \r\n        <li><img decoding=\"async\" width=\"200\" src=\"https:\/\/grandvriocitydanang.com\/wp-content\/themes\/official\/common\/image\/room\/detail3_5.jpg\"><\/li>\r\n        <li><img decoding=\"async\" width=\"200\" src=\"https:\/\/grandvriocitydanang.com\/wp-content\/themes\/official\/common\/image\/room\/detail3_6.jpg\"><\/li>\r\n        <li><img decoding=\"async\" width=\"200\" src=\"https:\/\/grandvriocitydanang.com\/wp-content\/themes\/official\/common\/image\/room\/detail3_7.jpg\"><\/li>\r\n      <\/ul>\r\n    <\/div>\r\n    <div class=\"info\">\r\n    <dl>\r\n      <dt>Thi\u1ebft b\u1ecb<\/dt>\r\n      <dd>\r\n        <ul>\r\n          <div>\r\n            <li>K\u00e9t s\u1eaft<\/li>\r\n            <li>Minibar t\u1ea1i ph\u00f2ng<\/li>\r\n            <li>B\u00e0n \u0111\u1ecdc s\u00e1ch<\/li>\r\n            <li>Gh\u1ebf sofa<\/li>\r\n           <!-- <li>C\u00e2n \u0111i\u1ec7n t\u1eed<\/li> -->\r\n          <!--  <li>V\u00f2i hoa sen\/b\u1ed3n t\u1eafm<\/li> -->\r\n          <\/div>\r\n          <div>\r\n            <li>G\u01b0\u01a1ng<\/li>\r\n            <li>Ti vi m\u00e0n h\u00ecnh LCD<\/li>\r\n            <li>\u0110i\u1ec7n tho\u1ea1i<\/li>\r\n            <li>Truy c\u1eadp Wi-Fi t\u1ed1c \u0111\u1ed9c cao<\/li>\r\n            <li>Gi\u01b0\u1eddng ph\u1ee5<\/li>\r\n            <li>Gi\u01b0\u1eddng d\u00e0nh cho tr\u1ebb nh\u1ecf<\/li>\r\n          <\/div>\r\n        <\/ul>\r\n      <\/dd>\r\n    <\/dl>\r\n    <dl>\r\n      <dt>D\u1ecbch v\u1ee5<\/dt>\r\n      <dd>\r\n        <ul>\r\n          <li>T\u1eafm kho\u00e1ng n\u00f3ng phong c\u00e1ch Nh\u1eadt B\u1ea3n<\/li>\r\n          <li>Ph\u00f2ng Gym<\/li>\r\n          <li>D\u1ecbch v\u1ee5 Spa &#038; M\u00e1t-xa<\/li>\r\n         <!-- <li>D\u1ecbch v\u1ee5 \u0103n u\u1ed1ng 24\/24<\/li> -->\r\n          <li>D\u1ecbch v\u1ee5 b\u00e1o th\u1ee9c<\/li>\r\n          <li>D\u1ecbch v\u1ee5 v\u0103n ph\u00f2ng<\/li>\r\n          <!--<li>Mi\u1ec5n ph\u00ed \u0111\u01b0a \u0111\u00f3n s\u00e2n bay (theo th\u1eddi gian bi\u1ec3u c\u1ed1 \u0111\u1ecbnh)<\/li>-->\r\n        <\/ul>\r\n      <\/dd>\r\n    <\/dl>\r\n    <\/div>\r\n  <\/section>\r\n  <section class=\"other\">\r\n    <ul>\r\n      <li><a href=\"..\/detail1\">Junior Studio<\/a><\/li>\r\n      <li><a href=\"..\/detail3\">Superior<\/a><\/li>\r\n      <li><a href=\"..\/detail7\">Superior with bathtub<\/a><\/li>\r\n      <li><a href=\"..\/detail6\">Premier Deluxe<\/a><\/li>\r\n    <\/ul>\r\n  <\/section>\r\n<\/div>\r\n","protected":false},"excerpt":{"rendered":"<p>Superior Lo\u1ea1i gi\u01b0\u1eddng1 gi\u01b0\u1eddng c\u1ee1 l\u1edbn ho\u1eb7c 2 gi\u01b0\u1eddng \u0111\u01a1n Di\u1ec7n t\u00edch25\u33a1 &#8211; 30\u33a1 V\u1edbi kh\u00f4ng gian r\u1ed9ng v\u1eeba ph\u1ea3i v\u00e0 [&hellip;]<\/p>\n","protected":false},"author":1,"featured_media":0,"parent":237,"menu_order":0,"comment_status":"closed","ping_status":"closed","template":"","meta":{"_locale":"vi","_original_post":"21","footnotes":""},"class_list":["post-246","page","type-page","status-publish","hentry","vi"],"_links":{"self":[{"href":"https:\/\/www.grandvriocitydanang.com\/wp-json\/wp\/v2\/pages\/246","targetHints":{"allow":["GET"]}}],"collection":[{"href":"https:\/\/www.grandvriocitydanang.com\/wp-json\/wp\/v2\/pages"}],"about":[{"href":"https:\/\/www.grandvriocitydanang.com\/wp-json\/wp\/v2\/types\/page"}],"author":[{"embeddable":true,"href":"https:\/\/www.grandvriocitydanang.com\/wp-json\/wp\/v2\/users\/1"}],"replies":[{"embeddable":true,"href":"https:\/\/www.grandvriocitydanang.com\/wp-json\/wp\/v2\/comments?post=246"}],"version-history":[{"count":12,"href":"https:\/\/www.grandvriocitydanang.com\/wp-json\/wp\/v2\/pages\/246\/revisions"}],"predecessor-version":[{"id":1060,"href":"https:\/\/www.grandvriocitydanang.com\/wp-json\/wp\/v2\/pages\/246\/revisions\/1060"}],"up":[{"embeddable":true,"href":"https:\/\/www.grandvriocitydanang.com\/wp-json\/wp\/v2\/pages\/237"}],"wp:attachment":[{"href":"https:\/\/www.grandvriocitydanang.com\/wp-json\/wp\/v2\/media?parent=246"}],"curies":[{"name":"wp","href":"https:\/\/api.w.org\/{rel}","templated":true}]}}