{"id":237,"date":"2019-02-04T10:02:14","date_gmt":"2019-02-04T10:02:14","guid":{"rendered":"https:\/\/grandvriocitydanang.com\/?page_id=237"},"modified":"2020-02-05T12:04:47","modified_gmt":"2020-02-05T03:04:47","slug":"room","status":"publish","type":"page","link":"https:\/\/www.grandvriocitydanang.com\/vi\/room\/","title":{"rendered":"Th\u00f4ng tin l\u01b0u tr\u00fa"},"content":{"rendered":"<div id=\"room\">\r\n  <section class=\"mainimg\">\r\n    <img decoding=\"async\" src=\"https:\/\/grandvriocitydanang.com\/wp-content\/themes\/official\/common\/image\/room\/mainimg.jpg\">\r\n    <h1><span class=\"content\">Th\u00f4ng tin l\u01b0u tr\u00fa<\/span><\/h1>\r\n    <div class=\"descrip\">\r\n      <p>V\u1edbi thi\u1ebft k\u1ebf tinh t\u1ebf, c\u01a1 s\u1edf v\u1eadt ch\u1ea5t hi\u1ec7n \u0111\u1ea1i v\u00e0 ti\u1ec7n nghi, kh\u00f4ng gian r\u1ed9ng r\u00e3i, l\u00e0 nh\u1eefng \u0111i\u1ec1u m\u00e0 ch\u00fang t\u00f4i \u0111\u1ea3m b\u1ea3o s\u1ebd mang l\u1ea1i cho kh\u00e1ch h\u00e0ng c\u1ee7a ch\u00fang t\u00f4i. K\u1ebft h\u1ee3p v\u1edbi 162 ph\u00f2ng, \u0111\u01b0\u1ee3c chia ra th\u00e0nh 4 ki\u1ec3u ph\u00f2ng kh\u00e1c nhau, mong mu\u1ed1n c\u1ee7a kh\u00e1ch s\u1ea1n ch\u00fang t\u00f4i l\u00e0 bi\u1ebfn th\u1eddi gian b\u1ea1n \u1edf v\u1edbi ch\u00fang t\u00f4i tr\u1edf th\u00e0nh m\u1ed9t tr\u1ea3i nghi\u1ec7p \u0111\u1ed9c nh\u1ea5t v\u00f4 nh\u1ecb v\u00e0 kh\u00f3 qu\u00ean.<\/p>\r\n    <\/div>\r\n  <\/section>\r\n  <section class=\"menu\">\r\n    <div class=\"menu-content\">\r\n\t    <img decoding=\"async\" src=\"https:\/\/grandvriocitydanang.com\/wp-content\/themes\/official\/common\/image\/room\/menu1.jpg\">\r\n      <div class=\"wrap1080\">\r\n        <div>\r\n          <h2>Junior Studio<\/h2>\r\n          <p>Qu\u00fd kh\u00e1ch c\u00f3 th\u1ec3 th\u01b0 gi\u00e3n tho\u1ea3i m\u00e1i trong ph\u00f2ng Junior Studio v\u1edbi thi\u1ebft k\u1ebf nh\u1ecf g\u1ecdn v\u00e0 ti\u1ec7n d\u1ee5ng<\/p>\r\n          <a href=\"detail1\" class=\"detail\">Xem chi ti\u1ebft<\/a>\r\n        <\/div>\r\n      <\/div>\r\n    <\/div>\r\n    <div class=\"menu-content\">\r\n\t    <img decoding=\"async\" src=\"https:\/\/grandvriocitydanang.com\/wp-content\/themes\/official\/common\/image\/room\/menu3.jpg\">\r\n      <div class=\"wrap1080\">\r\n        <div>\r\n          <h2>Superior<\/h2>\r\n          <p>V\u1edbi kh\u00f4ng gian r\u1ed9ng v\u1eeba ph\u1ea3i v\u00e0 y\u00ean t\u0129nh, V\u1edbi kh\u00e1ch n\u00e0o \u0111ang t\u1eadn h\u01b0\u1edfng chuy\u1ebfn du l\u1ecbch ph\u00f2ng Superior \u0111em l\u1ea1i cho qu\u00fd kh\u00e1ch n\u00e0o \u0111i du l\u1ecbch ho\u1eb7c c\u00f4ng t\u00e1c c\u00f3 c\u1ea3m gi\u00e1c nh\u01b0 \u0111ang \u1edf ch\u00ednh trong c\u0103n nh\u00e0 c\u1ee7a m\u00ecnh<\/p>\r\n          <a href=\"detail3\" class=\"detail\">Xem chi ti\u1ebft<\/a>\r\n        <\/div>\r\n      <\/div>\r\n    <\/div>\r\n    <div class=\"menu-content\">\r\n\t    <img decoding=\"async\" src=\"https:\/\/grandvriocitydanang.com\/wp-content\/themes\/official\/common\/image\/room\/menu7.jpg\">\r\n      <div class=\"wrap1080\">\r\n        <div>\r\n          <h2>Superior with bathtub<\/h2>\r\n          <p>B\u1ea5t k\u1ec3 m\u1ee5c \u0111\u00edch l\u01b0u tr\u00fa l\u00e0 g\u00ec Superior with bathtub s\u1ebd mang \u0111\u1ebfn cho t\u1ea5t c\u1ea3 qu\u00fd kh\u00e1ch s\u1ef1 h\u00e0i l\u00f2ng nh\u1ea5t<\/p>\r\n          <a href=\"detail7\" class=\"detail\">Xem chi ti\u1ebft<\/a>\r\n        <\/div>\r\n      <\/div>\r\n    <\/div>\r\n    <div class=\"menu-content\">\r\n\t    <img decoding=\"async\" src=\"https:\/\/grandvriocitydanang.com\/wp-content\/themes\/official\/common\/image\/room\/menu6.jpg\">\r\n      <div class=\"wrap1080\">\r\n        <div>\r\n          <h2>Premier Deluxe<\/h2>\r\n          <p>Premier Deluxe l\u00e0 lo\u1ea1i ph\u00f2ng cao c\u1ea5p nh\u1ea5t trong kh\u00e1ch s\u1ea1n, trang b\u1ecb c\u1ea3 ph\u00f2ng kh\u00e1ch r\u1ed9ng r\u00e3i n\u00ean qu\u00fd kh\u00e1ch c\u00f3 th\u1ec3 th\u01b0 gi\u00e3n m\u1ed9t c\u00e1ch tho\u1ea3i m\u00e1i trong th\u1eddi gian l\u01b0u tr\u00fa t\u1ea1i \u0110\u00e0 N\u1eb5ng<\/p>\r\n          <a href=\"detail6\" class=\"detail\">Xem chi ti\u1ebft<\/a>\r\n        <\/div>\r\n      <\/div>\r\n    <\/div>\r\n  <\/section>\r\n<\/div>\r\n","protected":false},"excerpt":{"rendered":"<p>Th\u00f4ng tin l\u01b0u tr\u00fa V\u1edbi thi\u1ebft k\u1ebf tinh t\u1ebf, c\u01a1 s\u1edf v\u1eadt ch\u1ea5t hi\u1ec7n \u0111\u1ea1i v\u00e0 ti\u1ec7n nghi, kh\u00f4ng gian r\u1ed9ng r\u00e3i, l\u00e0 nh\u1eefng \u0111i [&hellip;]<\/p>\n","protected":false},"author":1,"featured_media":0,"parent":0,"menu_order":0,"comment_status":"closed","ping_status":"closed","template":"","meta":{"_locale":"vi","_original_post":"11","footnotes":""},"class_list":["post-237","page","type-page","status-publish","hentry","vi"],"_links":{"self":[{"href":"https:\/\/www.grandvriocitydanang.com\/wp-json\/wp\/v2\/pages\/237","targetHints":{"allow":["GET"]}}],"collection":[{"href":"https:\/\/www.grandvriocitydanang.com\/wp-json\/wp\/v2\/pages"}],"about":[{"href":"https:\/\/www.grandvriocitydanang.com\/wp-json\/wp\/v2\/types\/page"}],"author":[{"embeddable":true,"href":"https:\/\/www.grandvriocitydanang.com\/wp-json\/wp\/v2\/users\/1"}],"replies":[{"embeddable":true,"href":"https:\/\/www.grandvriocitydanang.com\/wp-json\/wp\/v2\/comments?post=237"}],"version-history":[{"count":6,"href":"https:\/\/www.grandvriocitydanang.com\/wp-json\/wp\/v2\/pages\/237\/revisions"}],"predecessor-version":[{"id":920,"href":"https:\/\/www.grandvriocitydanang.com\/wp-json\/wp\/v2\/pages\/237\/revisions\/920"}],"wp:attachment":[{"href":"https:\/\/www.grandvriocitydanang.com\/wp-json\/wp\/v2\/media?parent=237"}],"curies":[{"name":"wp","href":"https:\/\/api.w.org\/{rel}","templated":true}]}}