{"id":234,"date":"2019-02-01T18:10:18","date_gmt":"2019-02-01T09:10:18","guid":{"rendered":"https:\/\/grandvriocitydanang.com\/?page_id=234"},"modified":"2022-10-14T00:04:20","modified_gmt":"2022-10-14T00:04:20","slug":"facility","status":"publish","type":"page","link":"https:\/\/www.grandvriocitydanang.com\/vi\/facility\/","title":{"rendered":"Gi\u1edbi thi\u1ec7u"},"content":{"rendered":"<div id=\"facility\">\r\n  <section class=\"mainimg\">\r\n    <img decoding=\"async\" src=\"https:\/\/grandvriocitydanang.com\/wp-content\/themes\/official\/common\/image\/facility\/mainimg.jpg\">\r\n    <h1><span class=\"content\">Gi\u1edbi thi\u1ec7u<\/span><\/h1>\r\n    <div class=\"descrip\" style=\"display:none\">\r\n      <p>GRANDVRIO City DANANG\u3067\u306e\u6642\u9593\u3092\u5feb\u9069\u306b\u904e\u3054\u3057\u3066\u3044\u305f\u3060\u304f\u305f\u3081\u306e\u65bd\u8a2d\u3092\u3054\u7d39\u4ecb\u81f4\u3057\u307e\u3059\u3002<\/p>\r\n    <\/div>\r\n  <\/section>\r\n  <section class=\"facility\">\r\n    <div class=\"f_content\">\r\n      <table>\r\n        <tr>\r\n          <td><img decoding=\"async\" src=\"https:\/\/grandvriocitydanang.com\/wp-content\/themes\/official\/common\/image\/room\/menu1.jpg\"><\/td>\r\n          <td><img decoding=\"async\" src=\"https:\/\/grandvriocitydanang.com\/wp-content\/themes\/official\/common\/image\/room\/menu3.jpg\"><\/td>\r\n        <\/tr>\r\n        <tr>\r\n          <td><img decoding=\"async\" src=\"https:\/\/grandvriocitydanang.com\/wp-content\/themes\/official\/common\/image\/room\/menu7.jpg\"><\/td>\r\n          <td><img decoding=\"async\" src=\"https:\/\/grandvriocitydanang.com\/wp-content\/themes\/official\/common\/image\/room\/menu6.jpg\"><\/td>\r\n        <\/tr>\r\n      <\/table>\r\n      <h2>Th\u00f4ng tin ph\u00f2ng<\/h2>\r\n      <ul>\r\n        <li><a href=\"..\/room\/detail1\">Junior Studio<\/a><\/li>\r\n        <li><a href=\"..\/room\/detail3\">Superior<\/a><\/li>\r\n        <li><a href=\"..\/room\/detail7\">Superior with bathtub<\/a><\/li>\r\n        <li><a href=\"..\/room\/detail6\">Premier Deluxe<\/a><\/li>\r\n      <\/ul>\r\n      <a href=\"..\/room\" class=\"detail\">Xem chi ti\u1ebft<\/a>\r\n    <\/div>\r\n    <div class=\"f_content\">\r\n      <table>\r\n        <tr>\r\n          <td><img decoding=\"async\" src=\"https:\/\/grandvriocitydanang.com\/wp-content\/themes\/official\/common\/image\/restaurant\/menu1.jpg\"><\/td>\r\n          <td><img decoding=\"async\" src=\"https:\/\/grandvriocitydanang.com\/wp-content\/themes\/official\/common\/image\/restaurant\/menu2.jpg\"><\/td>\r\n        <\/tr>\r\n        <tr>\r\n          <td><img decoding=\"async\" src=\"https:\/\/grandvriocitydanang.com\/wp-content\/themes\/official\/common\/image\/restaurant\/menu3.jpg\"><\/td>\r\n          <td><img decoding=\"async\" src=\"https:\/\/grandvriocitydanang.com\/wp-content\/themes\/official\/common\/image\/restaurant\/menu4.jpg\"><\/td>\r\n        <\/tr>\r\n      <\/table>\r\n      <h2>Nh\u00e0 h\u00e0ng &#038; bar<\/h2>\r\n      <ul>\r\n        <li><a href=\"..\/restaurant\/detail1\">Hanatei<\/a><\/a><br>Th\u1eddi gian\u300011:00\uff5e21:30 L.O.\uff08\u0102n tr\u01b0a 11:00\uff5e14:00\uff09<\/li>\r\n        <li><a href=\"..\/restaurant\/detail2\">Grand Caf\u00e9<\/a><br>Th\u1eddi gian\u30007:00\uff5e21:00<\/li>\r\n        <li>Qu\u1ea7y Bar g\u1ea7n h\u1ed3 b\u01a1i<br>Th\u1eddi gian\u30008:00\uff5e20:00<\/li>\r\n        <li>Nh\u00e0 h\u00e0ng \u0103n s\u00e1ng ASAGAO<br>Th\u1eddi gian\u30006:30\uff5e10:00<\/li>\r\n        <li>D\u1ecbch v\u1ee5 \u0103n u\u1ed1ng t\u1ea1i ph\u00f2ng<br><\/li>\r\n      <\/ul>\r\n      <a href=\"..\/restaurant\" class=\"detail\">Xem chi ti\u1ebft<\/a>\r\n    <\/div>\r\n    <div class=\"f_content\">\r\n      <table>\r\n        <tr>\r\n          <td><img decoding=\"async\" src=\"https:\/\/grandvriocitydanang.com\/wp-content\/themes\/official\/common\/image\/event\/menu1.jpg\"><\/td>\r\n          <td><img decoding=\"async\" src=\"https:\/\/grandvriocitydanang.com\/wp-content\/themes\/official\/common\/image\/event\/menu2.jpg\"><\/td>\r\n        <\/tr>\r\n        <tr>\r\n          <td><img decoding=\"async\" src=\"https:\/\/grandvriocitydanang.com\/wp-content\/themes\/official\/common\/image\/event\/detail1_13.jpg\"><\/td>\r\n          <td><img decoding=\"async\" src=\"https:\/\/grandvriocitydanang.com\/wp-content\/themes\/official\/common\/image\/event\/detail2_8.jpg\"><\/td>\r\n        <\/tr>\r\n      <\/table>\r\n      <h2>H\u1ed9i ngh\u1ecb<\/h2>\r\n      <ul>\r\n        <li><a href=\"..\/event\/detail1\">H\u1ed9i th\u1ea3o<\/a><\/li>\r\n        <li><a href=\"..\/event\/detail2\">Ti\u1ec7c c\u01b0\u1edbi<\/a><\/li>\r\n        <li><a href=\"..\/event\/detail3\">S\u1ef1 ki\u1ec7n<\/a><\/li>\r\n      <\/ul>\r\n      <a href=\"..\/event\" class=\"detail\">Xem chi ti\u1ebft<\/a>\r\n    <\/div>\r\n    <div class=\"f_content\">\r\n      <table>\r\n        <tr>\r\n          <td><img decoding=\"async\" src=\"https:\/\/grandvriocitydanang.com\/wp-content\/themes\/official\/common\/image\/wellness\/menu1.jpg\"><\/td>\r\n          <td><img decoding=\"async\" src=\"https:\/\/grandvriocitydanang.com\/wp-content\/themes\/official\/common\/image\/wellness\/menu2.jpg\"><\/td>\r\n        <\/tr>\r\n        <tr>\r\n          <td><img decoding=\"async\" src=\"https:\/\/grandvriocitydanang.com\/wp-content\/themes\/official\/common\/image\/wellness\/menu3.jpg\"><\/td>\r\n          <td><img decoding=\"async\" src=\"https:\/\/grandvriocitydanang.com\/wp-content\/themes\/official\/common\/image\/wellness\/menu4.jpg\"><\/td>\r\n        <\/tr>\r\n      <\/table>\r\n      <h2>C\u01a1 s\u1edf gi\u1ea3i tr\u00ed<\/h2>\r\n      <ul>\r\n        <li>IZUMI SPA<br>Th\u1eddi gian\u300010:00\uff5e19:00 L.O. 18:00<\/li>\r\n        <li>Ph\u00f2ng t\u1eafm ki\u1ec3u Nh\u1eadt<br>Th\u1eddi gian\u30006:30-22:00 ( 13:00-14:00 t\u1ea1m \u0111\u00f3ng c\u1eeda \u0111\u1ec3 v\u1ec7 sinh)<\/li>\r\n        <li>H\u1ed3 b\u01a1i<br>Th\u1eddi gian\u30006:30-19:00<\/li>\r\n        <li>Gym<br>Th\u1eddi gian\u30006:30-22:00<\/li>\r\n      <\/ul>\r\n      <a href=\"..\/wellness\" class=\"detail\">Xem chi ti\u1ebft<\/a>\r\n    <\/div>\r\n  <\/section>\r\n<\/div>\r\n","protected":false},"excerpt":{"rendered":"<p>Gi\u1edbi thi\u1ec7u GRANDVRIO City DANANG\u3067\u306e\u6642\u9593\u3092\u5feb\u9069\u306b\u904e\u3054\u3057\u3066\u3044\u305f\u3060\u304f\u305f\u3081\u306e\u65bd\u8a2d\u3092\u3054\u7d39\u4ecb\u81f4\u3057\u307e\u3059\u3002 Th\u00f4ng tin ph\u00f2ng Junior Studio Superior Superior [&hellip;]<\/p>\n","protected":false},"author":1,"featured_media":0,"parent":0,"menu_order":0,"comment_status":"closed","ping_status":"closed","template":"","meta":{"_locale":"vi","_original_post":"6","footnotes":""},"class_list":["post-234","page","type-page","status-publish","hentry","vi"],"_links":{"self":[{"href":"https:\/\/www.grandvriocitydanang.com\/wp-json\/wp\/v2\/pages\/234","targetHints":{"allow":["GET"]}}],"collection":[{"href":"https:\/\/www.grandvriocitydanang.com\/wp-json\/wp\/v2\/pages"}],"about":[{"href":"https:\/\/www.grandvriocitydanang.com\/wp-json\/wp\/v2\/types\/page"}],"author":[{"embeddable":true,"href":"https:\/\/www.grandvriocitydanang.com\/wp-json\/wp\/v2\/users\/1"}],"replies":[{"embeddable":true,"href":"https:\/\/www.grandvriocitydanang.com\/wp-json\/wp\/v2\/comments?post=234"}],"version-history":[{"count":20,"href":"https:\/\/www.grandvriocitydanang.com\/wp-json\/wp\/v2\/pages\/234\/revisions"}],"predecessor-version":[{"id":1089,"href":"https:\/\/www.grandvriocitydanang.com\/wp-json\/wp\/v2\/pages\/234\/revisions\/1089"}],"wp:attachment":[{"href":"https:\/\/www.grandvriocitydanang.com\/wp-json\/wp\/v2\/media?parent=234"}],"curies":[{"name":"wp","href":"https:\/\/api.w.org\/{rel}","templated":true}]}}